{"id":1192,"date":"2019-06-10T13:49:33","date_gmt":"2019-06-10T11:49:33","guid":{"rendered":"https:\/\/ruger.eu\/logistyka-maszyn-i-urzadzen\/"},"modified":"2020-07-14T13:26:20","modified_gmt":"2020-07-14T11:26:20","slug":"logistics-of-machines-and-industrial-devices","status":"publish","type":"page","link":"https:\/\/ruger.eu\/en\/logistics-of-machines-and-industrial-devices\/","title":{"rendered":"Logistics of machines and industrial devices"},"content":{"rendered":"\t\t<div data-elementor-type=\"wp-post\" data-elementor-id=\"1192\" class=\"elementor elementor-1192 elementor-609\" data-elementor-post-type=\"page\">\n\t\t\t\t\t\t<section class=\"elementor-section elementor-top-section elementor-element elementor-element-3aa65cf9 elementor-section-boxed elementor-section-height-default elementor-section-height-default\" data-id=\"3aa65cf9\" data-element_type=\"section\" data-settings=\"{&quot;background_background&quot;:&quot;classic&quot;}\">\n\t\t\t\t\t\t<div class=\"elementor-container elementor-column-gap-no\">\n\t\t\t\t\t<div class=\"elementor-column elementor-col-50 elementor-top-column elementor-element elementor-element-662686ae\" data-id=\"662686ae\" data-element_type=\"column\" data-settings=\"{&quot;background_background&quot;:&quot;classic&quot;}\">\n\t\t\t<div class=\"elementor-widget-wrap elementor-element-populated\">\n\t\t\t\t\t\t<div class=\"elementor-element elementor-element-1180a9d1 elementor-widget elementor-widget-heading\" data-id=\"1180a9d1\" data-element_type=\"widget\" data-widget_type=\"heading.default\">\n\t\t\t\t<div class=\"elementor-widget-container\">\n\t\t\t\t\t<h2 class=\"elementor-heading-title elementor-size-default\">Logistics of machines and industrial devices<\/h2>\t\t\t\t<\/div>\n\t\t\t\t<\/div>\n\t\t\t\t<div class=\"elementor-element elementor-element-1988fc8e elementor-widget elementor-widget-text-editor\" data-id=\"1988fc8e\" data-element_type=\"widget\" data-widget_type=\"text-editor.default\">\n\t\t\t\t<div class=\"elementor-widget-container\">\n\t\t\t\t\t\t\t\t\t<p>We offer logistics for machines and industrial devices dedicated to the machine industry. Due to close cooperation with a specialized daughter company: Ruger Expo sp. z o.o. we can not only transport the machine, technological line or even the entire factory from one location to another, but we will also ensure proper disassembly and disconnection of machines, preparation and protection of machines during transport, we will carry out in-house transport and of course &#8211; transport between plants.<\/p>\t\t\t\t\t\t\t\t<\/div>\n\t\t\t\t<\/div>\n\t\t\t\t\t<\/div>\n\t\t<\/div>\n\t\t\t\t<div class=\"elementor-column elementor-col-50 elementor-top-column elementor-element elementor-element-1b07e6fe\" data-id=\"1b07e6fe\" data-element_type=\"column\" data-settings=\"{&quot;background_background&quot;:&quot;classic&quot;}\">\n\t\t\t<div class=\"elementor-widget-wrap elementor-element-populated\">\n\t\t\t\t\t\t<div class=\"elementor-element elementor-element-76c659dd elementor-widget elementor-widget-image\" data-id=\"76c659dd\" data-element_type=\"widget\" data-widget_type=\"image.default\">\n\t\t\t\t<div class=\"elementor-widget-container\">\n\t\t\t\t\t\t\t\t\t\t\t\t\t\t\t<img decoding=\"async\" src=\"https:\/\/ruger.eu\/wp-content\/uploads\/elementor\/thumbs\/64452478_1963660127073359_401561235809632256_n-p3ayierhswfzvnjc9z7bvu2bjbur9msyyyk5qe7ur4.jpg\" title=\"64452478_1963660127073359_401561235809632256_n\" alt=\"64452478_1963660127073359_401561235809632256_n\" loading=\"lazy\" \/>\t\t\t\t\t\t\t\t\t\t\t\t\t\t\t<\/div>\n\t\t\t\t<\/div>\n\t\t\t\t\t<\/div>\n\t\t<\/div>\n\t\t\t\t\t<\/div>\n\t\t<\/section>\n\t\t\t\t<section class=\"elementor-section elementor-top-section elementor-element elementor-element-75315b2e elementor-section-boxed elementor-section-height-default elementor-section-height-default\" data-id=\"75315b2e\" data-element_type=\"section\" data-settings=\"{&quot;background_background&quot;:&quot;classic&quot;}\">\n\t\t\t\t\t\t<div class=\"elementor-container elementor-column-gap-no\">\n\t\t\t\t\t<div class=\"elementor-column elementor-col-100 elementor-top-column elementor-element elementor-element-74cae5cd\" data-id=\"74cae5cd\" data-element_type=\"column\" data-settings=\"{&quot;background_background&quot;:&quot;classic&quot;}\">\n\t\t\t<div class=\"elementor-widget-wrap elementor-element-populated\">\n\t\t\t\t\t\t<section class=\"elementor-section elementor-inner-section elementor-element elementor-element-435559f1 elementor-section-boxed elementor-section-height-default elementor-section-height-default\" data-id=\"435559f1\" data-element_type=\"section\">\n\t\t\t\t\t\t<div class=\"elementor-container elementor-column-gap-default\">\n\t\t\t\t\t<div class=\"elementor-column elementor-col-50 elementor-inner-column elementor-element elementor-element-15f52e1\" data-id=\"15f52e1\" data-element_type=\"column\">\n\t\t\t<div class=\"elementor-widget-wrap elementor-element-populated\">\n\t\t\t\t\t\t<div class=\"elementor-element elementor-element-5de343ff elementor-widget elementor-widget-image\" data-id=\"5de343ff\" data-element_type=\"widget\" data-widget_type=\"image.default\">\n\t\t\t\t<div class=\"elementor-widget-container\">\n\t\t\t\t\t\t\t\t\t\t\t\t\t\t\t<img decoding=\"async\" src=\"https:\/\/ruger.eu\/wp-content\/uploads\/elementor\/thumbs\/53889927_1829349473837759_324394855482523648_n-p3ayign66kh1a2n19lkxzmu7ops594o8mt0z7yimzo.jpg\" title=\"53889927_1829349473837759_324394855482523648_n\" alt=\"53889927_1829349473837759_324394855482523648_n\" loading=\"lazy\" \/>\t\t\t\t\t\t\t\t\t\t\t\t\t\t\t<\/div>\n\t\t\t\t<\/div>\n\t\t\t\t\t<\/div>\n\t\t<\/div>\n\t\t\t\t<div class=\"elementor-column elementor-col-50 elementor-inner-column elementor-element elementor-element-6c5546bf\" data-id=\"6c5546bf\" data-element_type=\"column\">\n\t\t\t<div class=\"elementor-widget-wrap elementor-element-populated\">\n\t\t\t\t\t\t<div class=\"elementor-element elementor-element-c2f808e elementor-widget elementor-widget-text-editor\" data-id=\"c2f808e\" data-element_type=\"widget\" data-widget_type=\"text-editor.default\">\n\t\t\t\t<div class=\"elementor-widget-container\">\n\t\t\t\t\t\t\t\t\t<p>A team of specialized installers will unpack machines, put them on work stations, disassemble transport locks. We can level the machines with a tolerance of up to 0.02 mm, we will anchor the machines, and an authorized installer will connect the power supply and pneumatics, limiting the involvement of your fitters to the necessary minimum.<\/p>\t\t\t\t\t\t\t\t<\/div>\n\t\t\t\t<\/div>\n\t\t\t\t\t<\/div>\n\t\t<\/div>\n\t\t\t\t\t<\/div>\n\t\t<\/section>\n\t\t\t\t\t<\/div>\n\t\t<\/div>\n\t\t\t\t\t<\/div>\n\t\t<\/section>\n\t\t\t\t<section class=\"elementor-section elementor-top-section elementor-element elementor-element-82498f1 elementor-section-boxed elementor-section-height-default elementor-section-height-default\" data-id=\"82498f1\" data-element_type=\"section\">\n\t\t\t\t\t\t<div class=\"elementor-container elementor-column-gap-default\">\n\t\t\t\t\t<div class=\"elementor-column elementor-col-100 elementor-top-column elementor-element elementor-element-5920c81\" data-id=\"5920c81\" data-element_type=\"column\">\n\t\t\t<div class=\"elementor-widget-wrap elementor-element-populated\">\n\t\t\t\t\t\t<div class=\"elementor-element elementor-element-2acf0bf elementor-widget elementor-widget-heading\" data-id=\"2acf0bf\" data-element_type=\"widget\" data-widget_type=\"heading.default\">\n\t\t\t\t<div class=\"elementor-widget-container\">\n\t\t\t\t\t<h2 class=\"elementor-heading-title elementor-size-default\">Specialists in logistics services for trade fair events:<\/h2>\t\t\t\t<\/div>\n\t\t\t\t<\/div>\n\t\t\t\t\t<\/div>\n\t\t<\/div>\n\t\t\t\t\t<\/div>\n\t\t<\/section>\n\t\t\t\t<section class=\"elementor-section elementor-top-section elementor-element elementor-element-da26aa2 elementor-section-boxed elementor-section-height-default elementor-section-height-default\" data-id=\"da26aa2\" data-element_type=\"section\" data-settings=\"{&quot;background_background&quot;:&quot;classic&quot;}\">\n\t\t\t\t\t\t<div class=\"elementor-container elementor-column-gap-no\">\n\t\t\t\t\t<div class=\"elementor-column elementor-col-50 elementor-top-column elementor-element elementor-element-3585abf\" data-id=\"3585abf\" data-element_type=\"column\" data-settings=\"{&quot;background_background&quot;:&quot;classic&quot;}\">\n\t\t\t<div class=\"elementor-widget-wrap elementor-element-populated\">\n\t\t\t\t\t\t<div class=\"elementor-element elementor-element-7e4ed21 elementor-widget elementor-widget-heading\" data-id=\"7e4ed21\" data-element_type=\"widget\" data-widget_type=\"heading.default\">\n\t\t\t\t<div class=\"elementor-widget-container\">\n\t\t\t\t\t<h2 class=\"elementor-heading-title elementor-size-default\">Monika Sadowska <\/h2>\t\t\t\t<\/div>\n\t\t\t\t<\/div>\n\t\t\t\t<div class=\"elementor-element elementor-element-ada915d elementor-icon-list--layout-traditional elementor-list-item-link-full_width elementor-widget elementor-widget-icon-list\" data-id=\"ada915d\" data-element_type=\"widget\" data-widget_type=\"icon-list.default\">\n\t\t\t\t<div class=\"elementor-widget-container\">\n\t\t\t\t\t\t\t<ul class=\"elementor-icon-list-items\">\n\t\t\t\t\t\t\t<li class=\"elementor-icon-list-item\">\n\t\t\t\t\t\t\t\t\t\t\t<span class=\"elementor-icon-list-icon\">\n\t\t\t\t\t\t\t\t\t\t\t\t\t\t\t\t<i class=\"fa fa-phone-square\" aria-hidden=\"true\"><\/i>\n\t\t\t\t\t\t\t\t\t\t\t\t\t<\/span>\n\t\t\t\t\t\t\t\t\t\t<span class=\"elementor-icon-list-text\">+48\u00a0503\u00a0057\u00a0906<\/span>\n\t\t\t\t\t\t\t\t\t<\/li>\n\t\t\t\t\t\t\t\t<li class=\"elementor-icon-list-item\">\n\t\t\t\t\t\t\t\t\t\t\t<span class=\"elementor-icon-list-icon\">\n\t\t\t\t\t\t\t\t\t\t\t\t\t\t\t\t<i class=\"fa fa-envelope-square\" aria-hidden=\"true\"><\/i>\n\t\t\t\t\t\t\t\t\t\t\t\t\t<\/span>\n\t\t\t\t\t\t\t\t\t\t<span class=\"elementor-icon-list-text\">m.sadowska@rugerexpo.com<\/span>\n\t\t\t\t\t\t\t\t\t<\/li>\n\t\t\t\t\t\t<\/ul>\n\t\t\t\t\t\t<\/div>\n\t\t\t\t<\/div>\n\t\t\t\t\t<\/div>\n\t\t<\/div>\n\t\t\t\t<div class=\"elementor-column elementor-col-50 elementor-top-column elementor-element elementor-element-3d290d4\" data-id=\"3d290d4\" data-element_type=\"column\" data-settings=\"{&quot;background_background&quot;:&quot;classic&quot;}\">\n\t\t\t<div class=\"elementor-widget-wrap elementor-element-populated\">\n\t\t\t\t\t\t<div class=\"elementor-element elementor-element-7ef9bf2 elementor-widget elementor-widget-heading\" data-id=\"7ef9bf2\" data-element_type=\"widget\" data-widget_type=\"heading.default\">\n\t\t\t\t<div class=\"elementor-widget-container\">\n\t\t\t\t\t<h2 class=\"elementor-heading-title elementor-size-default\">Maciej Waliszewski<\/h2>\t\t\t\t<\/div>\n\t\t\t\t<\/div>\n\t\t\t\t<div class=\"elementor-element elementor-element-692f86a elementor-icon-list--layout-traditional elementor-list-item-link-full_width elementor-widget elementor-widget-icon-list\" data-id=\"692f86a\" data-element_type=\"widget\" data-widget_type=\"icon-list.default\">\n\t\t\t\t<div class=\"elementor-widget-container\">\n\t\t\t\t\t\t\t<ul class=\"elementor-icon-list-items\">\n\t\t\t\t\t\t\t<li class=\"elementor-icon-list-item\">\n\t\t\t\t\t\t\t\t\t\t\t<span class=\"elementor-icon-list-icon\">\n\t\t\t\t\t\t\t\t\t\t\t\t\t\t\t\t<i class=\"fa fa-phone-square\" aria-hidden=\"true\"><\/i>\n\t\t\t\t\t\t\t\t\t\t\t\t\t<\/span>\n\t\t\t\t\t\t\t\t\t\t<span class=\"elementor-icon-list-text\">+48\u00a0535\u00a0001\u00a0197<\/span>\n\t\t\t\t\t\t\t\t\t<\/li>\n\t\t\t\t\t\t\t\t<li class=\"elementor-icon-list-item\">\n\t\t\t\t\t\t\t\t\t\t\t<span class=\"elementor-icon-list-icon\">\n\t\t\t\t\t\t\t\t\t\t\t\t\t\t\t\t<i class=\"fa fa-envelope-square\" aria-hidden=\"true\"><\/i>\n\t\t\t\t\t\t\t\t\t\t\t\t\t<\/span>\n\t\t\t\t\t\t\t\t\t\t<span class=\"elementor-icon-list-text\">m.waliszewski@rugerexpo.com<\/span>\n\t\t\t\t\t\t\t\t\t<\/li>\n\t\t\t\t\t\t<\/ul>\n\t\t\t\t\t\t<\/div>\n\t\t\t\t<\/div>\n\t\t\t\t\t<\/div>\n\t\t<\/div>\n\t\t\t\t\t<\/div>\n\t\t<\/section>\n\t\t\t\t<section class=\"elementor-section elementor-top-section elementor-element elementor-element-16cad1d elementor-section-boxed elementor-section-height-default elementor-section-height-default\" data-id=\"16cad1d\" data-element_type=\"section\">\n\t\t\t\t\t\t<div class=\"elementor-container elementor-column-gap-default\">\n\t\t\t\t\t<div class=\"elementor-column elementor-col-100 elementor-top-column elementor-element elementor-element-9bf7836\" data-id=\"9bf7836\" data-element_type=\"column\">\n\t\t\t<div class=\"elementor-widget-wrap elementor-element-populated\">\n\t\t\t\t\t\t<div class=\"elementor-element elementor-element-083a556 elementor-widget elementor-widget-text-editor\" data-id=\"083a556\" data-element_type=\"widget\" data-widget_type=\"text-editor.default\">\n\t\t\t\t<div class=\"elementor-widget-container\">\n\t\t\t\t\t\t\t\t\t<p>W naszej ofercie znajduj\u0105 si\u0119 us\u0142ugi spedycji morskiej. Us\u0142ugi spedycji morskiej \u015bwiadczymy jako partner wi\u0119kszo\u015bci licz\u0105cych si\u0119 armator\u00f3w morskich. Obs\u0142ugujemy trasy na ca\u0142ym \u015bwiecie, ze szczeg\u00f3ln\u0105\u00a0intensywno\u015bci\u0105 transportu z i do wszystkich kraj\u00f3w Azji oraz ameryki po\u0142udniowej. Mo\u017cemy zorganizowa\u0107 transport morski drobnicowy, ca\u0142o-kontenerowy, jak r\u00f3wnie\u017c ponad-gabarytowy.<\/p>\t\t\t\t\t\t\t\t<\/div>\n\t\t\t\t<\/div>\n\t\t\t\t\t<\/div>\n\t\t<\/div>\n\t\t\t\t\t<\/div>\n\t\t<\/section>\n\t\t\t\t<\/div>\n\t\t","protected":false},"excerpt":{"rendered":"<p>Logistics of machines and industrial devices We offer logistics for machines and industrial devices dedicated to the machine industry. Due to close cooperation with a specialized daughter company: Ruger Expo sp. z o.o. we can not only transport the machine, technological line or even the entire factory from one location to another, but we will [&hellip;]<\/p>\n","protected":false},"author":3,"featured_media":0,"parent":0,"menu_order":0,"comment_status":"closed","ping_status":"closed","template":"","meta":{"ocean_post_layout":"","ocean_both_sidebars_style":"","ocean_both_sidebars_content_width":0,"ocean_both_sidebars_sidebars_width":0,"ocean_sidebar":"","ocean_second_sidebar":"","ocean_disable_margins":"enable","ocean_add_body_class":"","ocean_shortcode_before_top_bar":"","ocean_shortcode_after_top_bar":"","ocean_shortcode_before_header":"","ocean_shortcode_after_header":"","ocean_has_shortcode":"","ocean_shortcode_after_title":"","ocean_shortcode_before_footer_widgets":"","ocean_shortcode_after_footer_widgets":"","ocean_shortcode_before_footer_bottom":"","ocean_shortcode_after_footer_bottom":"","ocean_display_top_bar":"default","ocean_display_header":"default","ocean_header_style":"","ocean_center_header_left_menu":"","ocean_custom_header_template":"","ocean_custom_logo":0,"ocean_custom_retina_logo":0,"ocean_custom_logo_max_width":0,"ocean_custom_logo_tablet_max_width":0,"ocean_custom_logo_mobile_max_width":0,"ocean_custom_logo_max_height":0,"ocean_custom_logo_tablet_max_height":0,"ocean_custom_logo_mobile_max_height":0,"ocean_header_custom_menu":"","ocean_menu_typo_font_family":"","ocean_menu_typo_font_subset":"","ocean_menu_typo_font_size":0,"ocean_menu_typo_font_size_tablet":0,"ocean_menu_typo_font_size_mobile":0,"ocean_menu_typo_font_size_unit":"px","ocean_menu_typo_font_weight":"","ocean_menu_typo_font_weight_tablet":"","ocean_menu_typo_font_weight_mobile":"","ocean_menu_typo_transform":"","ocean_menu_typo_transform_tablet":"","ocean_menu_typo_transform_mobile":"","ocean_menu_typo_line_height":0,"ocean_menu_typo_line_height_tablet":0,"ocean_menu_typo_line_height_mobile":0,"ocean_menu_typo_line_height_unit":"","ocean_menu_typo_spacing":0,"ocean_menu_typo_spacing_tablet":0,"ocean_menu_typo_spacing_mobile":0,"ocean_menu_typo_spacing_unit":"","ocean_menu_link_color":"","ocean_menu_link_color_hover":"","ocean_menu_link_color_active":"","ocean_menu_link_background":"","ocean_menu_link_hover_background":"","ocean_menu_link_active_background":"","ocean_menu_social_links_bg":"","ocean_menu_social_hover_links_bg":"","ocean_menu_social_links_color":"","ocean_menu_social_hover_links_color":"","ocean_disable_title":"default","ocean_disable_heading":"default","ocean_post_title":"","ocean_post_subheading":"","ocean_post_title_style":"","ocean_post_title_background_color":"","ocean_post_title_background":0,"ocean_post_title_bg_image_position":"","ocean_post_title_bg_image_attachment":"","ocean_post_title_bg_image_repeat":"","ocean_post_title_bg_image_size":"","ocean_post_title_height":0,"ocean_post_title_bg_overlay":0.5,"ocean_post_title_bg_overlay_color":"","ocean_disable_breadcrumbs":"default","ocean_breadcrumbs_color":"","ocean_breadcrumbs_separator_color":"","ocean_breadcrumbs_links_color":"","ocean_breadcrumbs_links_hover_color":"","ocean_display_footer_widgets":"default","ocean_display_footer_bottom":"default","ocean_custom_footer_template":"","footnotes":""},"class_list":["post-1192","page","type-page","status-publish","hentry","entry"],"yoast_head":"<!-- This site is optimized with the Yoast SEO plugin v24.1 - https:\/\/yoast.com\/wordpress\/plugins\/seo\/ -->\n<title>Logistics of machines and industrial devices - Ruger Polska<\/title>\n<meta name=\"robots\" content=\"index, follow, max-snippet:-1, max-image-preview:large, max-video-preview:-1\" \/>\n<link rel=\"canonical\" href=\"https:\/\/ruger.eu\/en\/logistics-of-machines-and-industrial-devices\/\" \/>\n<meta property=\"og:locale\" content=\"en_US\" \/>\n<meta property=\"og:type\" content=\"article\" \/>\n<meta property=\"og:title\" content=\"Logistics of machines and industrial devices - Ruger Polska\" \/>\n<meta property=\"og:description\" content=\"Logistics of machines and industrial devices We offer logistics for machines and industrial devices dedicated to the machine industry. Due to close cooperation with a specialized daughter company: Ruger Expo sp. z o.o. we can not only transport the machine, technological line or even the entire factory from one location to another, but we will [&hellip;]\" \/>\n<meta property=\"og:url\" content=\"https:\/\/ruger.eu\/en\/logistics-of-machines-and-industrial-devices\/\" \/>\n<meta property=\"og:site_name\" content=\"Ruger Polska\" \/>\n<meta property=\"article:modified_time\" content=\"2020-07-14T11:26:20+00:00\" \/>\n<meta property=\"og:image\" content=\"https:\/\/ruger.eu\/wp-content\/uploads\/elementor\/thumbs\/64452478_1963660127073359_401561235809632256_n-onremnrnzy1b9xl1ojhjnx32msjc78gr0g7413gmls.jpg\" \/>\n<meta name=\"twitter:card\" content=\"summary_large_image\" \/>\n<meta name=\"twitter:label1\" content=\"Est. reading time\" \/>\n\t<meta name=\"twitter:data1\" content=\"1 minute\" \/>\n<script type=\"application\/ld+json\" class=\"yoast-schema-graph\">{\"@context\":\"https:\/\/schema.org\",\"@graph\":[{\"@type\":\"WebPage\",\"@id\":\"https:\/\/ruger.eu\/en\/logistics-of-machines-and-industrial-devices\/\",\"url\":\"https:\/\/ruger.eu\/en\/logistics-of-machines-and-industrial-devices\/\",\"name\":\"Logistics of machines and industrial devices - Ruger Polska\",\"isPartOf\":{\"@id\":\"https:\/\/ruger.eu\/#website\"},\"primaryImageOfPage\":{\"@id\":\"https:\/\/ruger.eu\/en\/logistics-of-machines-and-industrial-devices\/#primaryimage\"},\"image\":{\"@id\":\"https:\/\/ruger.eu\/en\/logistics-of-machines-and-industrial-devices\/#primaryimage\"},\"thumbnailUrl\":\"https:\/\/ruger.eu\/wp-content\/uploads\/elementor\/thumbs\/64452478_1963660127073359_401561235809632256_n-onremnrnzy1b9xl1ojhjnx32msjc78gr0g7413gmls.jpg\",\"datePublished\":\"2019-06-10T11:49:33+00:00\",\"dateModified\":\"2020-07-14T11:26:20+00:00\",\"breadcrumb\":{\"@id\":\"https:\/\/ruger.eu\/en\/logistics-of-machines-and-industrial-devices\/#breadcrumb\"},\"inLanguage\":\"en-US\",\"potentialAction\":[{\"@type\":\"ReadAction\",\"target\":[\"https:\/\/ruger.eu\/en\/logistics-of-machines-and-industrial-devices\/\"]}]},{\"@type\":\"ImageObject\",\"inLanguage\":\"en-US\",\"@id\":\"https:\/\/ruger.eu\/en\/logistics-of-machines-and-industrial-devices\/#primaryimage\",\"url\":\"https:\/\/ruger.eu\/wp-content\/uploads\/elementor\/thumbs\/64452478_1963660127073359_401561235809632256_n-onremnrnzy1b9xl1ojhjnx32msjc78gr0g7413gmls.jpg\",\"contentUrl\":\"https:\/\/ruger.eu\/wp-content\/uploads\/elementor\/thumbs\/64452478_1963660127073359_401561235809632256_n-onremnrnzy1b9xl1ojhjnx32msjc78gr0g7413gmls.jpg\"},{\"@type\":\"BreadcrumbList\",\"@id\":\"https:\/\/ruger.eu\/en\/logistics-of-machines-and-industrial-devices\/#breadcrumb\",\"itemListElement\":[{\"@type\":\"ListItem\",\"position\":1,\"name\":\"Strona g\u0142\u00f3wna\",\"item\":\"https:\/\/ruger.eu\/\"},{\"@type\":\"ListItem\",\"position\":2,\"name\":\"Logistics of machines and industrial devices\"}]},{\"@type\":\"WebSite\",\"@id\":\"https:\/\/ruger.eu\/#website\",\"url\":\"https:\/\/ruger.eu\/\",\"name\":\"Ruger Polska\",\"description\":\"Smart Logistic\",\"potentialAction\":[{\"@type\":\"SearchAction\",\"target\":{\"@type\":\"EntryPoint\",\"urlTemplate\":\"https:\/\/ruger.eu\/?s={search_term_string}\"},\"query-input\":{\"@type\":\"PropertyValueSpecification\",\"valueRequired\":true,\"valueName\":\"search_term_string\"}}],\"inLanguage\":\"en-US\"}]}<\/script>\n<!-- \/ Yoast SEO plugin. -->","yoast_head_json":{"title":"Logistics of machines and industrial devices - Ruger Polska","robots":{"index":"index","follow":"follow","max-snippet":"max-snippet:-1","max-image-preview":"max-image-preview:large","max-video-preview":"max-video-preview:-1"},"canonical":"https:\/\/ruger.eu\/en\/logistics-of-machines-and-industrial-devices\/","og_locale":"en_US","og_type":"article","og_title":"Logistics of machines and industrial devices - Ruger Polska","og_description":"Logistics of machines and industrial devices We offer logistics for machines and industrial devices dedicated to the machine industry. Due to close cooperation with a specialized daughter company: Ruger Expo sp. z o.o. we can not only transport the machine, technological line or even the entire factory from one location to another, but we will [&hellip;]","og_url":"https:\/\/ruger.eu\/en\/logistics-of-machines-and-industrial-devices\/","og_site_name":"Ruger Polska","article_modified_time":"2020-07-14T11:26:20+00:00","og_image":[{"url":"https:\/\/ruger.eu\/wp-content\/uploads\/elementor\/thumbs\/64452478_1963660127073359_401561235809632256_n-onremnrnzy1b9xl1ojhjnx32msjc78gr0g7413gmls.jpg","type":"","width":"","height":""}],"twitter_card":"summary_large_image","twitter_misc":{"Est. reading time":"1 minute"},"schema":{"@context":"https:\/\/schema.org","@graph":[{"@type":"WebPage","@id":"https:\/\/ruger.eu\/en\/logistics-of-machines-and-industrial-devices\/","url":"https:\/\/ruger.eu\/en\/logistics-of-machines-and-industrial-devices\/","name":"Logistics of machines and industrial devices - Ruger Polska","isPartOf":{"@id":"https:\/\/ruger.eu\/#website"},"primaryImageOfPage":{"@id":"https:\/\/ruger.eu\/en\/logistics-of-machines-and-industrial-devices\/#primaryimage"},"image":{"@id":"https:\/\/ruger.eu\/en\/logistics-of-machines-and-industrial-devices\/#primaryimage"},"thumbnailUrl":"https:\/\/ruger.eu\/wp-content\/uploads\/elementor\/thumbs\/64452478_1963660127073359_401561235809632256_n-onremnrnzy1b9xl1ojhjnx32msjc78gr0g7413gmls.jpg","datePublished":"2019-06-10T11:49:33+00:00","dateModified":"2020-07-14T11:26:20+00:00","breadcrumb":{"@id":"https:\/\/ruger.eu\/en\/logistics-of-machines-and-industrial-devices\/#breadcrumb"},"inLanguage":"en-US","potentialAction":[{"@type":"ReadAction","target":["https:\/\/ruger.eu\/en\/logistics-of-machines-and-industrial-devices\/"]}]},{"@type":"ImageObject","inLanguage":"en-US","@id":"https:\/\/ruger.eu\/en\/logistics-of-machines-and-industrial-devices\/#primaryimage","url":"https:\/\/ruger.eu\/wp-content\/uploads\/elementor\/thumbs\/64452478_1963660127073359_401561235809632256_n-onremnrnzy1b9xl1ojhjnx32msjc78gr0g7413gmls.jpg","contentUrl":"https:\/\/ruger.eu\/wp-content\/uploads\/elementor\/thumbs\/64452478_1963660127073359_401561235809632256_n-onremnrnzy1b9xl1ojhjnx32msjc78gr0g7413gmls.jpg"},{"@type":"BreadcrumbList","@id":"https:\/\/ruger.eu\/en\/logistics-of-machines-and-industrial-devices\/#breadcrumb","itemListElement":[{"@type":"ListItem","position":1,"name":"Strona g\u0142\u00f3wna","item":"https:\/\/ruger.eu\/"},{"@type":"ListItem","position":2,"name":"Logistics of machines and industrial devices"}]},{"@type":"WebSite","@id":"https:\/\/ruger.eu\/#website","url":"https:\/\/ruger.eu\/","name":"Ruger Polska","description":"Smart Logistic","potentialAction":[{"@type":"SearchAction","target":{"@type":"EntryPoint","urlTemplate":"https:\/\/ruger.eu\/?s={search_term_string}"},"query-input":{"@type":"PropertyValueSpecification","valueRequired":true,"valueName":"search_term_string"}}],"inLanguage":"en-US"}]}},"_links":{"self":[{"href":"https:\/\/ruger.eu\/en\/wp-json\/wp\/v2\/pages\/1192","targetHints":{"allow":["GET"]}}],"collection":[{"href":"https:\/\/ruger.eu\/en\/wp-json\/wp\/v2\/pages"}],"about":[{"href":"https:\/\/ruger.eu\/en\/wp-json\/wp\/v2\/types\/page"}],"author":[{"embeddable":true,"href":"https:\/\/ruger.eu\/en\/wp-json\/wp\/v2\/users\/3"}],"replies":[{"embeddable":true,"href":"https:\/\/ruger.eu\/en\/wp-json\/wp\/v2\/comments?post=1192"}],"version-history":[{"count":7,"href":"https:\/\/ruger.eu\/en\/wp-json\/wp\/v2\/pages\/1192\/revisions"}],"predecessor-version":[{"id":1204,"href":"https:\/\/ruger.eu\/en\/wp-json\/wp\/v2\/pages\/1192\/revisions\/1204"}],"wp:attachment":[{"href":"https:\/\/ruger.eu\/en\/wp-json\/wp\/v2\/media?parent=1192"}],"curies":[{"name":"wp","href":"https:\/\/api.w.org\/{rel}","templated":true}]}}