{"id":2286,"date":"2021-11-04T12:05:44","date_gmt":"2021-11-04T11:05:44","guid":{"rendered":"https:\/\/ruger.eu\/?page_id=2286"},"modified":"2022-01-11T12:18:09","modified_gmt":"2022-01-11T11:18:09","slug":"qualitaetspolitik","status":"publish","type":"page","link":"https:\/\/ruger.eu\/de\/ueber-uns\/qualitaetspolitik\/","title":{"rendered":"Qualit\u00e4tspolitik"},"content":{"rendered":"\t\t<div data-elementor-type=\"wp-post\" data-elementor-id=\"2286\" class=\"elementor elementor-2286 elementor-2165\" data-elementor-post-type=\"page\">\n\t\t\t\t\t\t<section class=\"elementor-section elementor-top-section elementor-element elementor-element-6e6f4be2 elementor-section-boxed elementor-section-height-default elementor-section-height-default\" data-id=\"6e6f4be2\" data-element_type=\"section\">\n\t\t\t\t\t\t<div class=\"elementor-container elementor-column-gap-no\">\n\t\t\t\t\t<div class=\"elementor-column elementor-col-100 elementor-top-column elementor-element elementor-element-4fc1aedb\" data-id=\"4fc1aedb\" data-element_type=\"column\">\n\t\t\t<div class=\"elementor-widget-wrap elementor-element-populated\">\n\t\t\t\t\t\t<div class=\"elementor-element elementor-element-6e4ebee elementor-widget elementor-widget-image\" data-id=\"6e4ebee\" data-element_type=\"widget\" data-widget_type=\"image.default\">\n\t\t\t\t<div class=\"elementor-widget-container\">\n\t\t\t\t\t\t\t\t\t\t\t\t\t\t\t<img decoding=\"async\" src=\"https:\/\/ruger.eu\/wp-content\/uploads\/elementor\/thumbs\/4295-scaled-p3ayvme2e1wfqg1qoc25ezlzj7pvbvzco1tpcmph2w.jpg\" title=\"Industrial port de Barcelona in evening\" alt=\"Industrial port de Barcelona in evening. Spain\" loading=\"lazy\" \/>\t\t\t\t\t\t\t\t\t\t\t\t\t\t\t<\/div>\n\t\t\t\t<\/div>\n\t\t\t\t\t<\/div>\n\t\t<\/div>\n\t\t\t\t\t<\/div>\n\t\t<\/section>\n\t\t\t\t<section class=\"elementor-section elementor-top-section elementor-element elementor-element-59f3fe3 elementor-section-boxed elementor-section-height-default elementor-section-height-default\" data-id=\"59f3fe3\" data-element_type=\"section\" data-settings=\"{&quot;background_background&quot;:&quot;classic&quot;}\">\n\t\t\t\t\t\t<div class=\"elementor-container elementor-column-gap-no\">\n\t\t\t\t\t<div class=\"elementor-column elementor-col-100 elementor-top-column elementor-element elementor-element-2f0096a6\" data-id=\"2f0096a6\" data-element_type=\"column\" data-settings=\"{&quot;background_background&quot;:&quot;classic&quot;}\">\n\t\t\t<div class=\"elementor-widget-wrap elementor-element-populated\">\n\t\t\t\t\t\t<div class=\"elementor-element elementor-element-274a749d elementor-widget elementor-widget-heading\" data-id=\"274a749d\" data-element_type=\"widget\" data-widget_type=\"heading.default\">\n\t\t\t\t<div class=\"elementor-widget-container\">\n\t\t\t\t\t<h2 class=\"elementor-heading-title elementor-size-default\">LEITBILD<\/h2>\t\t\t\t<\/div>\n\t\t\t\t<\/div>\n\t\t\t\t<div class=\"elementor-element elementor-element-77cea09f elementor-widget elementor-widget-text-editor\" data-id=\"77cea09f\" data-element_type=\"widget\" data-widget_type=\"text-editor.default\">\n\t\t\t\t<div class=\"elementor-widget-container\">\n\t\t\t\t\t\t\t\t\t<p style=\"text-align: center;\">Das Leitbild der Ruger Polska Sp. z o.o. ist es, den Kunden umfassende Dienstleistungen<\/p><p style=\"text-align: center;\">im Bereich Logistik zu bieten, die den besten Weltstandards entsprechen.<\/p>\t\t\t\t\t\t\t\t<\/div>\n\t\t\t\t<\/div>\n\t\t\t\t<div class=\"elementor-element elementor-element-b392154 elementor-widget elementor-widget-heading\" data-id=\"b392154\" data-element_type=\"widget\" data-widget_type=\"heading.default\">\n\t\t\t\t<div class=\"elementor-widget-container\">\n\t\t\t\t\t<h2 class=\"elementor-heading-title elementor-size-default\">QUALIT\u00c4TSPOLITIK<\/h2>\t\t\t\t<\/div>\n\t\t\t\t<\/div>\n\t\t\t\t<div class=\"elementor-element elementor-element-a82c4c6 elementor-widget elementor-widget-text-editor\" data-id=\"a82c4c6\" data-element_type=\"widget\" data-widget_type=\"text-editor.default\">\n\t\t\t\t<div class=\"elementor-widget-container\">\n\t\t\t\t\t\t\t\t\t<p>Unter Ber\u00fccksichtigung des Kontexts der Organisation, der Anforderungen der interessierten\u00a0<span style=\"font-size: 14px;\">Parteien und der Art der gef\u00fchrten T\u00e4tigkeit im Zusammenhang mit:<\/span><\/p><p style=\"text-align: center;\"><b>Logistikdienstleistungen, insbesondere Speditions- und Lagerlogistik<\/b><\/p><p>liegt der Hauptzweck f\u00fcr die Existenz der <b>Ruger Polska Sp. z o.o.<\/b> darin, die F\u00e4higkeit und kontinuierliche Bereitschaft zu entwickeln und aufrechtzuerhalten, die Bed\u00fcrfnisse der Kunden im Bereich der gef\u00fchrten Gewerbet\u00e4tigkeit zu erf\u00fcllen. Dies ist die Grundlage, um die Stabilit\u00e4t der Firma und ihre Weiterentwicklung zu gew\u00e4hrleisten. Die volle Befriedigung der Bed\u00fcrfnisse und Erwartungen des Kunden kann nur durch die Erbringung von Dienstleistungen auf h\u00f6chstem Niveau in \u00dcbereinstimmung mit den geltenden gesetzlichen Anforderungen und\u00a0Vorschriften erfolgen. Um die Kundenzufriedenheit zu maximieren, verpflichtet sich daher der Vorstand der Gesellschaft:<\/p><ul><li>das Qualit\u00e4tsmanagementsystem aufrechtzuerhalten und kontinuierlich zu verbessern<\/li><li>die Glaubw\u00fcrdigkeit des Unternehmens durch Erh\u00f6hung der Kundenzufriedenheit zu steigern<\/li><li>die Anforderungen des Kunden und anderer interessierter Parteien sowie die der geltenden rechtlichen und sonstigen Anforderungen in Bezug auf die Gesellschaft zu erf\u00fcllen<\/li><li>die termigerechte Sicherstellung der Dienstleistungen zu gew\u00e4hren<\/li><li>die Qualifikation der Mitarbeiter zu erh\u00f6hen<\/li><li>die internen Prozesse zu optimieren<\/li><li>die fortlaufende Entwicklung zu gew\u00e4hren<\/li><\/ul><p><strong>Die Einf\u00fchrung und Erhaltung des Qualit\u00e4tsmanagementsystems<\/strong> auf allen Ebenen der Organisation in \u00dcbereinstimmung mit der Norm PN-EN ISO 9001:2015 gew\u00e4hrleistet die kontinuierliche Verbesserung der von <strong>Ruger Polska Sp. z o.o.<\/strong> erbrachten Dienstleistungen, die das Herzst\u00fcck des Aufbaus dauerhafter Beziehungen zu unseren Kunden ist.\u00a0<\/p><p><strong>Der Vorstand der Ruger Polska Sp. z o.o. stellt sicher, dass die vorliegende Qualit\u00e4tspolitik<\/strong> allen Mitarbeitern der Gesellschaft zur Verf\u00fcgung gestellt, kommuniziert, von ihnen verstanden und angewandt wird sowie die kontinuierliche Verbesserung der Wirksamkeit des funktionierenden QMS sichert.<\/p><p style=\"text-align: right;\">Der Vorstand der Gesellschaft<\/p>\t\t\t\t\t\t\t\t<\/div>\n\t\t\t\t<\/div>\n\t\t\t\t<div class=\"elementor-element elementor-element-647c7f7 elementor-align-center elementor-widget elementor-widget-button\" data-id=\"647c7f7\" data-element_type=\"widget\" data-widget_type=\"button.default\">\n\t\t\t\t<div class=\"elementor-widget-container\">\n\t\t\t\t\t\t\t\t\t<div class=\"elementor-button-wrapper\">\n\t\t\t\t\t<a class=\"elementor-button elementor-button-link elementor-size-md\" href=\"https:\/\/ruger.eu\/wp-content\/uploads\/2021\/11\/QUALITATSPOLITIK.pdf\" target=\"_blank\">\n\t\t\t\t\t\t<span class=\"elementor-button-content-wrapper\">\n\t\t\t\t\t\t\t\t\t<span class=\"elementor-button-text\">Qualit\u00e4tspolitik<\/span>\n\t\t\t\t\t<\/span>\n\t\t\t\t\t<\/a>\n\t\t\t\t<\/div>\n\t\t\t\t\t\t\t\t<\/div>\n\t\t\t\t<\/div>\n\t\t\t\t<div class=\"elementor-element elementor-element-52cb07b elementor-align-center elementor-widget elementor-widget-button\" data-id=\"52cb07b\" data-element_type=\"widget\" data-widget_type=\"button.default\">\n\t\t\t\t<div class=\"elementor-widget-container\">\n\t\t\t\t\t\t\t\t\t<div class=\"elementor-button-wrapper\">\n\t\t\t\t\t<a class=\"elementor-button elementor-button-link elementor-size-md\" href=\"https:\/\/ruger.eu\/wp-content\/uploads\/2022\/01\/RUGER-J2015-C2021-niemiecka-scaled.jpg\" target=\"_blank\">\n\t\t\t\t\t\t<span class=\"elementor-button-content-wrapper\">\n\t\t\t\t\t\t\t\t\t<span class=\"elementor-button-text\">Zertifikat ISO 9001:2015<\/span>\n\t\t\t\t\t<\/span>\n\t\t\t\t\t<\/a>\n\t\t\t\t<\/div>\n\t\t\t\t\t\t\t\t<\/div>\n\t\t\t\t<\/div>\n\t\t\t\t\t<\/div>\n\t\t<\/div>\n\t\t\t\t\t<\/div>\n\t\t<\/section>\n\t\t\t\t<\/div>\n\t\t","protected":false},"excerpt":{"rendered":"<p>LEITBILD Das Leitbild der Ruger Polska Sp. z o.o. ist es, den Kunden umfassende Dienstleistungen im Bereich Logistik zu bieten, die den besten Weltstandards entsprechen. QUALIT\u00c4TSPOLITIK Unter Ber\u00fccksichtigung des Kontexts der Organisation, der Anforderungen der interessierten\u00a0Parteien und der Art der gef\u00fchrten T\u00e4tigkeit im Zusammenhang mit: Logistikdienstleistungen, insbesondere Speditions- und Lagerlogistik liegt der Hauptzweck f\u00fcr die [&hellip;]<\/p>\n","protected":false},"author":3,"featured_media":0,"parent":1288,"menu_order":1,"comment_status":"closed","ping_status":"closed","template":"","meta":{"ocean_post_layout":"","ocean_both_sidebars_style":"","ocean_both_sidebars_content_width":0,"ocean_both_sidebars_sidebars_width":0,"ocean_sidebar":"","ocean_second_sidebar":"","ocean_disable_margins":"enable","ocean_add_body_class":"","ocean_shortcode_before_top_bar":"","ocean_shortcode_after_top_bar":"","ocean_shortcode_before_header":"","ocean_shortcode_after_header":"","ocean_has_shortcode":"","ocean_shortcode_after_title":"","ocean_shortcode_before_footer_widgets":"","ocean_shortcode_after_footer_widgets":"","ocean_shortcode_before_footer_bottom":"","ocean_shortcode_after_footer_bottom":"","ocean_display_top_bar":"default","ocean_display_header":"default","ocean_header_style":"","ocean_center_header_left_menu":"","ocean_custom_header_template":"","ocean_custom_logo":0,"ocean_custom_retina_logo":0,"ocean_custom_logo_max_width":0,"ocean_custom_logo_tablet_max_width":0,"ocean_custom_logo_mobile_max_width":0,"ocean_custom_logo_max_height":0,"ocean_custom_logo_tablet_max_height":0,"ocean_custom_logo_mobile_max_height":0,"ocean_header_custom_menu":"","ocean_menu_typo_font_family":"","ocean_menu_typo_font_subset":"","ocean_menu_typo_font_size":0,"ocean_menu_typo_font_size_tablet":0,"ocean_menu_typo_font_size_mobile":0,"ocean_menu_typo_font_size_unit":"px","ocean_menu_typo_font_weight":"","ocean_menu_typo_font_weight_tablet":"","ocean_menu_typo_font_weight_mobile":"","ocean_menu_typo_transform":"","ocean_menu_typo_transform_tablet":"","ocean_menu_typo_transform_mobile":"","ocean_menu_typo_line_height":0,"ocean_menu_typo_line_height_tablet":0,"ocean_menu_typo_line_height_mobile":0,"ocean_menu_typo_line_height_unit":"","ocean_menu_typo_spacing":0,"ocean_menu_typo_spacing_tablet":0,"ocean_menu_typo_spacing_mobile":0,"ocean_menu_typo_spacing_unit":"","ocean_menu_link_color":"","ocean_menu_link_color_hover":"","ocean_menu_link_color_active":"","ocean_menu_link_background":"","ocean_menu_link_hover_background":"","ocean_menu_link_active_background":"","ocean_menu_social_links_bg":"","ocean_menu_social_hover_links_bg":"","ocean_menu_social_links_color":"","ocean_menu_social_hover_links_color":"","ocean_disable_title":"default","ocean_disable_heading":"default","ocean_post_title":"","ocean_post_subheading":"","ocean_post_title_style":"","ocean_post_title_background_color":"","ocean_post_title_background":0,"ocean_post_title_bg_image_position":"","ocean_post_title_bg_image_attachment":"","ocean_post_title_bg_image_repeat":"","ocean_post_title_bg_image_size":"","ocean_post_title_height":0,"ocean_post_title_bg_overlay":0.5,"ocean_post_title_bg_overlay_color":"","ocean_disable_breadcrumbs":"default","ocean_breadcrumbs_color":"","ocean_breadcrumbs_separator_color":"","ocean_breadcrumbs_links_color":"","ocean_breadcrumbs_links_hover_color":"","ocean_display_footer_widgets":"default","ocean_display_footer_bottom":"default","ocean_custom_footer_template":"","footnotes":""},"class_list":["post-2286","page","type-page","status-publish","hentry","entry"],"yoast_head":"<!-- This site is optimized with the Yoast SEO plugin v24.1 - https:\/\/yoast.com\/wordpress\/plugins\/seo\/ -->\n<title>Qualit\u00e4tspolitik - Ruger Polska<\/title>\n<meta name=\"robots\" content=\"index, follow, max-snippet:-1, max-image-preview:large, max-video-preview:-1\" \/>\n<link rel=\"canonical\" href=\"https:\/\/ruger.eu\/de\/ueber-uns\/qualitaetspolitik\/\" \/>\n<meta property=\"og:locale\" content=\"de_DE\" \/>\n<meta property=\"og:type\" content=\"article\" \/>\n<meta property=\"og:title\" content=\"Qualit\u00e4tspolitik - Ruger Polska\" \/>\n<meta property=\"og:description\" content=\"LEITBILD Das Leitbild der Ruger Polska Sp. z o.o. ist es, den Kunden umfassende Dienstleistungen im Bereich Logistik zu bieten, die den besten Weltstandards entsprechen. QUALIT\u00c4TSPOLITIK Unter Ber\u00fccksichtigung des Kontexts der Organisation, der Anforderungen der interessierten\u00a0Parteien und der Art der gef\u00fchrten T\u00e4tigkeit im Zusammenhang mit: Logistikdienstleistungen, insbesondere Speditions- und Lagerlogistik liegt der Hauptzweck f\u00fcr die [&hellip;]\" \/>\n<meta property=\"og:url\" content=\"https:\/\/ruger.eu\/de\/ueber-uns\/qualitaetspolitik\/\" \/>\n<meta property=\"og:site_name\" content=\"Ruger Polska\" \/>\n<meta property=\"article:modified_time\" content=\"2022-01-11T11:18:09+00:00\" \/>\n<meta property=\"og:image\" content=\"https:\/\/ruger.eu\/wp-content\/uploads\/elementor\/thumbs\/4295-scaled-p3ayvme2e1wfqg1qoc25ezlzj7pvbvzco1tpcmph2w.jpg\" \/>\n<meta name=\"twitter:card\" content=\"summary_large_image\" \/>\n<meta name=\"twitter:label1\" content=\"Gesch\u00e4tzte Lesezeit\" \/>\n\t<meta name=\"twitter:data1\" content=\"2\u00a0Minuten\" \/>\n<script type=\"application\/ld+json\" class=\"yoast-schema-graph\">{\"@context\":\"https:\/\/schema.org\",\"@graph\":[{\"@type\":\"WebPage\",\"@id\":\"https:\/\/ruger.eu\/de\/ueber-uns\/qualitaetspolitik\/\",\"url\":\"https:\/\/ruger.eu\/de\/ueber-uns\/qualitaetspolitik\/\",\"name\":\"Qualit\u00e4tspolitik - Ruger Polska\",\"isPartOf\":{\"@id\":\"https:\/\/ruger.eu\/#website\"},\"primaryImageOfPage\":{\"@id\":\"https:\/\/ruger.eu\/de\/ueber-uns\/qualitaetspolitik\/#primaryimage\"},\"image\":{\"@id\":\"https:\/\/ruger.eu\/de\/ueber-uns\/qualitaetspolitik\/#primaryimage\"},\"thumbnailUrl\":\"https:\/\/ruger.eu\/wp-content\/uploads\/elementor\/thumbs\/4295-scaled-p3ayvme2e1wfqg1qoc25ezlzj7pvbvzco1tpcmph2w.jpg\",\"datePublished\":\"2021-11-04T11:05:44+00:00\",\"dateModified\":\"2022-01-11T11:18:09+00:00\",\"breadcrumb\":{\"@id\":\"https:\/\/ruger.eu\/de\/ueber-uns\/qualitaetspolitik\/#breadcrumb\"},\"inLanguage\":\"de\",\"potentialAction\":[{\"@type\":\"ReadAction\",\"target\":[\"https:\/\/ruger.eu\/de\/ueber-uns\/qualitaetspolitik\/\"]}]},{\"@type\":\"ImageObject\",\"inLanguage\":\"de\",\"@id\":\"https:\/\/ruger.eu\/de\/ueber-uns\/qualitaetspolitik\/#primaryimage\",\"url\":\"https:\/\/ruger.eu\/wp-content\/uploads\/elementor\/thumbs\/4295-scaled-p3ayvme2e1wfqg1qoc25ezlzj7pvbvzco1tpcmph2w.jpg\",\"contentUrl\":\"https:\/\/ruger.eu\/wp-content\/uploads\/elementor\/thumbs\/4295-scaled-p3ayvme2e1wfqg1qoc25ezlzj7pvbvzco1tpcmph2w.jpg\"},{\"@type\":\"BreadcrumbList\",\"@id\":\"https:\/\/ruger.eu\/de\/ueber-uns\/qualitaetspolitik\/#breadcrumb\",\"itemListElement\":[{\"@type\":\"ListItem\",\"position\":1,\"name\":\"Strona g\u0142\u00f3wna\",\"item\":\"https:\/\/ruger.eu\/\"},{\"@type\":\"ListItem\",\"position\":2,\"name\":\"\u00dcber uns\",\"item\":\"https:\/\/ruger.eu\/de\/ueber-uns\/\"},{\"@type\":\"ListItem\",\"position\":3,\"name\":\"Qualit\u00e4tspolitik\"}]},{\"@type\":\"WebSite\",\"@id\":\"https:\/\/ruger.eu\/#website\",\"url\":\"https:\/\/ruger.eu\/\",\"name\":\"Ruger Polska\",\"description\":\"Smart Logistic\",\"potentialAction\":[{\"@type\":\"SearchAction\",\"target\":{\"@type\":\"EntryPoint\",\"urlTemplate\":\"https:\/\/ruger.eu\/?s={search_term_string}\"},\"query-input\":{\"@type\":\"PropertyValueSpecification\",\"valueRequired\":true,\"valueName\":\"search_term_string\"}}],\"inLanguage\":\"de\"}]}<\/script>\n<!-- \/ Yoast SEO plugin. -->","yoast_head_json":{"title":"Qualit\u00e4tspolitik - Ruger Polska","robots":{"index":"index","follow":"follow","max-snippet":"max-snippet:-1","max-image-preview":"max-image-preview:large","max-video-preview":"max-video-preview:-1"},"canonical":"https:\/\/ruger.eu\/de\/ueber-uns\/qualitaetspolitik\/","og_locale":"de_DE","og_type":"article","og_title":"Qualit\u00e4tspolitik - Ruger Polska","og_description":"LEITBILD Das Leitbild der Ruger Polska Sp. z o.o. ist es, den Kunden umfassende Dienstleistungen im Bereich Logistik zu bieten, die den besten Weltstandards entsprechen. QUALIT\u00c4TSPOLITIK Unter Ber\u00fccksichtigung des Kontexts der Organisation, der Anforderungen der interessierten\u00a0Parteien und der Art der gef\u00fchrten T\u00e4tigkeit im Zusammenhang mit: Logistikdienstleistungen, insbesondere Speditions- und Lagerlogistik liegt der Hauptzweck f\u00fcr die [&hellip;]","og_url":"https:\/\/ruger.eu\/de\/ueber-uns\/qualitaetspolitik\/","og_site_name":"Ruger Polska","article_modified_time":"2022-01-11T11:18:09+00:00","og_image":[{"url":"https:\/\/ruger.eu\/wp-content\/uploads\/elementor\/thumbs\/4295-scaled-p3ayvme2e1wfqg1qoc25ezlzj7pvbvzco1tpcmph2w.jpg","type":"","width":"","height":""}],"twitter_card":"summary_large_image","twitter_misc":{"Gesch\u00e4tzte Lesezeit":"2\u00a0Minuten"},"schema":{"@context":"https:\/\/schema.org","@graph":[{"@type":"WebPage","@id":"https:\/\/ruger.eu\/de\/ueber-uns\/qualitaetspolitik\/","url":"https:\/\/ruger.eu\/de\/ueber-uns\/qualitaetspolitik\/","name":"Qualit\u00e4tspolitik - Ruger Polska","isPartOf":{"@id":"https:\/\/ruger.eu\/#website"},"primaryImageOfPage":{"@id":"https:\/\/ruger.eu\/de\/ueber-uns\/qualitaetspolitik\/#primaryimage"},"image":{"@id":"https:\/\/ruger.eu\/de\/ueber-uns\/qualitaetspolitik\/#primaryimage"},"thumbnailUrl":"https:\/\/ruger.eu\/wp-content\/uploads\/elementor\/thumbs\/4295-scaled-p3ayvme2e1wfqg1qoc25ezlzj7pvbvzco1tpcmph2w.jpg","datePublished":"2021-11-04T11:05:44+00:00","dateModified":"2022-01-11T11:18:09+00:00","breadcrumb":{"@id":"https:\/\/ruger.eu\/de\/ueber-uns\/qualitaetspolitik\/#breadcrumb"},"inLanguage":"de","potentialAction":[{"@type":"ReadAction","target":["https:\/\/ruger.eu\/de\/ueber-uns\/qualitaetspolitik\/"]}]},{"@type":"ImageObject","inLanguage":"de","@id":"https:\/\/ruger.eu\/de\/ueber-uns\/qualitaetspolitik\/#primaryimage","url":"https:\/\/ruger.eu\/wp-content\/uploads\/elementor\/thumbs\/4295-scaled-p3ayvme2e1wfqg1qoc25ezlzj7pvbvzco1tpcmph2w.jpg","contentUrl":"https:\/\/ruger.eu\/wp-content\/uploads\/elementor\/thumbs\/4295-scaled-p3ayvme2e1wfqg1qoc25ezlzj7pvbvzco1tpcmph2w.jpg"},{"@type":"BreadcrumbList","@id":"https:\/\/ruger.eu\/de\/ueber-uns\/qualitaetspolitik\/#breadcrumb","itemListElement":[{"@type":"ListItem","position":1,"name":"Strona g\u0142\u00f3wna","item":"https:\/\/ruger.eu\/"},{"@type":"ListItem","position":2,"name":"\u00dcber uns","item":"https:\/\/ruger.eu\/de\/ueber-uns\/"},{"@type":"ListItem","position":3,"name":"Qualit\u00e4tspolitik"}]},{"@type":"WebSite","@id":"https:\/\/ruger.eu\/#website","url":"https:\/\/ruger.eu\/","name":"Ruger Polska","description":"Smart Logistic","potentialAction":[{"@type":"SearchAction","target":{"@type":"EntryPoint","urlTemplate":"https:\/\/ruger.eu\/?s={search_term_string}"},"query-input":{"@type":"PropertyValueSpecification","valueRequired":true,"valueName":"search_term_string"}}],"inLanguage":"de"}]}},"_links":{"self":[{"href":"https:\/\/ruger.eu\/de\/wp-json\/wp\/v2\/pages\/2286","targetHints":{"allow":["GET"]}}],"collection":[{"href":"https:\/\/ruger.eu\/de\/wp-json\/wp\/v2\/pages"}],"about":[{"href":"https:\/\/ruger.eu\/de\/wp-json\/wp\/v2\/types\/page"}],"author":[{"embeddable":true,"href":"https:\/\/ruger.eu\/de\/wp-json\/wp\/v2\/users\/3"}],"replies":[{"embeddable":true,"href":"https:\/\/ruger.eu\/de\/wp-json\/wp\/v2\/comments?post=2286"}],"version-history":[{"count":10,"href":"https:\/\/ruger.eu\/de\/wp-json\/wp\/v2\/pages\/2286\/revisions"}],"predecessor-version":[{"id":2415,"href":"https:\/\/ruger.eu\/de\/wp-json\/wp\/v2\/pages\/2286\/revisions\/2415"}],"up":[{"embeddable":true,"href":"https:\/\/ruger.eu\/de\/wp-json\/wp\/v2\/pages\/1288"}],"wp:attachment":[{"href":"https:\/\/ruger.eu\/de\/wp-json\/wp\/v2\/media?parent=2286"}],"curies":[{"name":"wp","href":"https:\/\/api.w.org\/{rel}","templated":true}]}}