{"id":1306,"date":"2019-06-19T14:47:48","date_gmt":"2019-06-19T12:47:48","guid":{"rendered":"https:\/\/ruger.eu\/spedycja-lotnicza\/"},"modified":"2020-07-16T11:29:37","modified_gmt":"2020-07-16T09:29:37","slug":"luftfrachtsverkehr","status":"publish","type":"page","link":"https:\/\/ruger.eu\/de\/bedienung\/luftfrachtsverkehr\/","title":{"rendered":"LUFTFRACHTSVERKEHR"},"content":{"rendered":"\t\t<div data-elementor-type=\"wp-post\" data-elementor-id=\"1306\" class=\"elementor elementor-1306 elementor-697\" data-elementor-post-type=\"page\">\n\t\t\t\t\t\t<section class=\"elementor-section elementor-top-section elementor-element elementor-element-48ece2a elementor-section-boxed elementor-section-height-default elementor-section-height-default\" data-id=\"48ece2a\" data-element_type=\"section\">\n\t\t\t\t\t\t<div class=\"elementor-container elementor-column-gap-no\">\n\t\t\t\t\t<div class=\"elementor-column elementor-col-100 elementor-top-column elementor-element elementor-element-258a766f\" data-id=\"258a766f\" data-element_type=\"column\">\n\t\t\t<div class=\"elementor-widget-wrap elementor-element-populated\">\n\t\t\t\t\t\t<div class=\"elementor-element elementor-element-7322381b elementor-widget elementor-widget-image\" data-id=\"7322381b\" data-element_type=\"widget\" data-widget_type=\"image.default\">\n\t\t\t\t<div class=\"elementor-widget-container\">\n\t\t\t\t\t\t\t\t\t\t\t\t\t\t\t<img decoding=\"async\" src=\"https:\/\/ruger.eu\/wp-content\/uploads\/elementor\/thumbs\/37-scaled-p3aynv8009a9y9b8yhdycg233rxuts72lo2htg7eew.jpg\" title=\"Container Cargo freight ship with working crane loading bridge i\" alt=\"Spedycja lotnicza\" loading=\"lazy\" \/>\t\t\t\t\t\t\t\t\t\t\t\t\t\t\t<\/div>\n\t\t\t\t<\/div>\n\t\t\t\t\t<\/div>\n\t\t<\/div>\n\t\t\t\t\t<\/div>\n\t\t<\/section>\n\t\t\t\t<section class=\"elementor-section elementor-top-section elementor-element elementor-element-696f53da elementor-section-boxed elementor-section-height-default elementor-section-height-default\" data-id=\"696f53da\" data-element_type=\"section\" data-settings=\"{&quot;background_background&quot;:&quot;classic&quot;}\">\n\t\t\t\t\t\t<div class=\"elementor-container elementor-column-gap-no\">\n\t\t\t\t\t<div class=\"elementor-column elementor-col-50 elementor-top-column elementor-element elementor-element-5beb2799\" data-id=\"5beb2799\" data-element_type=\"column\" data-settings=\"{&quot;background_background&quot;:&quot;classic&quot;}\">\n\t\t\t<div class=\"elementor-widget-wrap elementor-element-populated\">\n\t\t\t\t\t\t<div class=\"elementor-element elementor-element-42f0367e elementor-widget elementor-widget-text-editor\" data-id=\"42f0367e\" data-element_type=\"widget\" data-widget_type=\"text-editor.default\">\n\t\t\t\t<div class=\"elementor-widget-container\">\n\t\t\t\t\t\t\t\t\t<p>LUFTFRACHTSVERKEHR<\/p><p>Wir bieten Express-Luftfracht an. Der Luftverkehr ist einer der modernsten Verkehrszweige. Der Lufttransport verk\u00fcrzt die Transportzeit und die Lieferung erfolgt immer schnell und reibungslos.<\/p><p>Der Lufttransport ist immer dann w\u00fcnschenswert, wenn die Sendung \u00fcber betr\u00e4chtliche Entfernungen geliefert werden soll und die Lieferzeit Priorit\u00e4t ist.<\/p><p>Dank unserer Luftverkehrspartner k\u00f6nnen wir an allen wichtigen Flugh\u00e4fen in Europa und an wichtigen Drehkreuzen auf der ganzen Welt Express-Luftpakete zu Vorzugskonditionen ausliefern.<\/p>\t\t\t\t\t\t\t\t<\/div>\n\t\t\t\t<\/div>\n\t\t\t\t\t<\/div>\n\t\t<\/div>\n\t\t\t\t<div class=\"elementor-column elementor-col-50 elementor-top-column elementor-element elementor-element-7343b45d\" data-id=\"7343b45d\" data-element_type=\"column\" data-settings=\"{&quot;background_background&quot;:&quot;classic&quot;}\">\n\t\t\t<div class=\"elementor-widget-wrap elementor-element-populated\">\n\t\t\t\t\t\t<div class=\"elementor-element elementor-element-1c429aca elementor-widget elementor-widget-image\" data-id=\"1c429aca\" data-element_type=\"widget\" data-widget_type=\"image.default\">\n\t\t\t\t<div class=\"elementor-widget-container\">\n\t\t\t\t\t\t\t\t\t\t\t\t\t\t\t<img decoding=\"async\" src=\"https:\/\/ruger.eu\/wp-content\/uploads\/elementor\/thumbs\/872-p3ayni20tlewrm53jofkw1t7dgrbym0mo5rubco31s.jpg\" title=\"The plane at the airport on loading\" alt=\"Spedycja lotnicza\" loading=\"lazy\" \/>\t\t\t\t\t\t\t\t\t\t\t\t\t\t\t<\/div>\n\t\t\t\t<\/div>\n\t\t\t\t\t<\/div>\n\t\t<\/div>\n\t\t\t\t\t<\/div>\n\t\t<\/section>\n\t\t\t\t<\/div>\n\t\t","protected":false},"excerpt":{"rendered":"<p>LUFTFRACHTSVERKEHR Wir bieten Express-Luftfracht an. Der Luftverkehr ist einer der modernsten Verkehrszweige. Der Lufttransport verk\u00fcrzt die Transportzeit und die Lieferung erfolgt immer schnell und reibungslos. Der Lufttransport ist immer dann w\u00fcnschenswert, wenn die Sendung \u00fcber betr\u00e4chtliche Entfernungen geliefert werden soll und die Lieferzeit Priorit\u00e4t ist. Dank unserer Luftverkehrspartner k\u00f6nnen wir an allen wichtigen Flugh\u00e4fen in [&hellip;]<\/p>\n","protected":false},"author":3,"featured_media":0,"parent":1379,"menu_order":0,"comment_status":"closed","ping_status":"closed","template":"","meta":{"ocean_post_layout":"","ocean_both_sidebars_style":"","ocean_both_sidebars_content_width":0,"ocean_both_sidebars_sidebars_width":0,"ocean_sidebar":"","ocean_second_sidebar":"","ocean_disable_margins":"enable","ocean_add_body_class":"","ocean_shortcode_before_top_bar":"","ocean_shortcode_after_top_bar":"","ocean_shortcode_before_header":"","ocean_shortcode_after_header":"","ocean_has_shortcode":"","ocean_shortcode_after_title":"","ocean_shortcode_before_footer_widgets":"","ocean_shortcode_after_footer_widgets":"","ocean_shortcode_before_footer_bottom":"","ocean_shortcode_after_footer_bottom":"","ocean_display_top_bar":"default","ocean_display_header":"default","ocean_header_style":"","ocean_center_header_left_menu":"","ocean_custom_header_template":"","ocean_custom_logo":0,"ocean_custom_retina_logo":0,"ocean_custom_logo_max_width":0,"ocean_custom_logo_tablet_max_width":0,"ocean_custom_logo_mobile_max_width":0,"ocean_custom_logo_max_height":0,"ocean_custom_logo_tablet_max_height":0,"ocean_custom_logo_mobile_max_height":0,"ocean_header_custom_menu":"","ocean_menu_typo_font_family":"","ocean_menu_typo_font_subset":"","ocean_menu_typo_font_size":0,"ocean_menu_typo_font_size_tablet":0,"ocean_menu_typo_font_size_mobile":0,"ocean_menu_typo_font_size_unit":"px","ocean_menu_typo_font_weight":"","ocean_menu_typo_font_weight_tablet":"","ocean_menu_typo_font_weight_mobile":"","ocean_menu_typo_transform":"","ocean_menu_typo_transform_tablet":"","ocean_menu_typo_transform_mobile":"","ocean_menu_typo_line_height":0,"ocean_menu_typo_line_height_tablet":0,"ocean_menu_typo_line_height_mobile":0,"ocean_menu_typo_line_height_unit":"","ocean_menu_typo_spacing":0,"ocean_menu_typo_spacing_tablet":0,"ocean_menu_typo_spacing_mobile":0,"ocean_menu_typo_spacing_unit":"","ocean_menu_link_color":"","ocean_menu_link_color_hover":"","ocean_menu_link_color_active":"","ocean_menu_link_background":"","ocean_menu_link_hover_background":"","ocean_menu_link_active_background":"","ocean_menu_social_links_bg":"","ocean_menu_social_hover_links_bg":"","ocean_menu_social_links_color":"","ocean_menu_social_hover_links_color":"","ocean_disable_title":"default","ocean_disable_heading":"default","ocean_post_title":"","ocean_post_subheading":"","ocean_post_title_style":"","ocean_post_title_background_color":"","ocean_post_title_background":0,"ocean_post_title_bg_image_position":"","ocean_post_title_bg_image_attachment":"","ocean_post_title_bg_image_repeat":"","ocean_post_title_bg_image_size":"","ocean_post_title_height":0,"ocean_post_title_bg_overlay":0.5,"ocean_post_title_bg_overlay_color":"","ocean_disable_breadcrumbs":"default","ocean_breadcrumbs_color":"","ocean_breadcrumbs_separator_color":"","ocean_breadcrumbs_links_color":"","ocean_breadcrumbs_links_hover_color":"","ocean_display_footer_widgets":"default","ocean_display_footer_bottom":"default","ocean_custom_footer_template":"","footnotes":""},"class_list":["post-1306","page","type-page","status-publish","hentry","entry"],"yoast_head":"<!-- This site is optimized with the Yoast SEO plugin v24.1 - https:\/\/yoast.com\/wordpress\/plugins\/seo\/ -->\n<title>LUFTFRACHTSVERKEHR - Ruger Polska<\/title>\n<meta name=\"robots\" content=\"index, follow, max-snippet:-1, max-image-preview:large, max-video-preview:-1\" \/>\n<link rel=\"canonical\" href=\"https:\/\/ruger.eu\/de\/bedienung\/luftfrachtsverkehr\/\" \/>\n<meta property=\"og:locale\" content=\"de_DE\" \/>\n<meta property=\"og:type\" content=\"article\" \/>\n<meta property=\"og:title\" content=\"LUFTFRACHTSVERKEHR - Ruger Polska\" \/>\n<meta property=\"og:description\" content=\"LUFTFRACHTSVERKEHR Wir bieten Express-Luftfracht an. Der Luftverkehr ist einer der modernsten Verkehrszweige. Der Lufttransport verk\u00fcrzt die Transportzeit und die Lieferung erfolgt immer schnell und reibungslos. Der Lufttransport ist immer dann w\u00fcnschenswert, wenn die Sendung \u00fcber betr\u00e4chtliche Entfernungen geliefert werden soll und die Lieferzeit Priorit\u00e4t ist. Dank unserer Luftverkehrspartner k\u00f6nnen wir an allen wichtigen Flugh\u00e4fen in [&hellip;]\" \/>\n<meta property=\"og:url\" content=\"https:\/\/ruger.eu\/de\/bedienung\/luftfrachtsverkehr\/\" \/>\n<meta property=\"og:site_name\" content=\"Ruger Polska\" \/>\n<meta property=\"article:modified_time\" content=\"2020-07-16T09:29:37+00:00\" \/>\n<meta property=\"og:image\" content=\"https:\/\/ruger.eu\/wp-content\/uploads\/elementor\/thumbs\/37-onrem17rywjs7e72vx03hkcfsglwxwpe51pbaogwjc.jpg\" \/>\n<meta name=\"twitter:card\" content=\"summary_large_image\" \/>\n<script type=\"application\/ld+json\" class=\"yoast-schema-graph\">{\"@context\":\"https:\/\/schema.org\",\"@graph\":[{\"@type\":\"WebPage\",\"@id\":\"https:\/\/ruger.eu\/de\/bedienung\/luftfrachtsverkehr\/\",\"url\":\"https:\/\/ruger.eu\/de\/bedienung\/luftfrachtsverkehr\/\",\"name\":\"LUFTFRACHTSVERKEHR - Ruger Polska\",\"isPartOf\":{\"@id\":\"https:\/\/ruger.eu\/#website\"},\"primaryImageOfPage\":{\"@id\":\"https:\/\/ruger.eu\/de\/bedienung\/luftfrachtsverkehr\/#primaryimage\"},\"image\":{\"@id\":\"https:\/\/ruger.eu\/de\/bedienung\/luftfrachtsverkehr\/#primaryimage\"},\"thumbnailUrl\":\"https:\/\/ruger.eu\/wp-content\/uploads\/elementor\/thumbs\/37-onrem17rywjs7e72vx03hkcfsglwxwpe51pbaogwjc.jpg\",\"datePublished\":\"2019-06-19T12:47:48+00:00\",\"dateModified\":\"2020-07-16T09:29:37+00:00\",\"breadcrumb\":{\"@id\":\"https:\/\/ruger.eu\/de\/bedienung\/luftfrachtsverkehr\/#breadcrumb\"},\"inLanguage\":\"de\",\"potentialAction\":[{\"@type\":\"ReadAction\",\"target\":[\"https:\/\/ruger.eu\/de\/bedienung\/luftfrachtsverkehr\/\"]}]},{\"@type\":\"ImageObject\",\"inLanguage\":\"de\",\"@id\":\"https:\/\/ruger.eu\/de\/bedienung\/luftfrachtsverkehr\/#primaryimage\",\"url\":\"https:\/\/ruger.eu\/wp-content\/uploads\/elementor\/thumbs\/37-onrem17rywjs7e72vx03hkcfsglwxwpe51pbaogwjc.jpg\",\"contentUrl\":\"https:\/\/ruger.eu\/wp-content\/uploads\/elementor\/thumbs\/37-onrem17rywjs7e72vx03hkcfsglwxwpe51pbaogwjc.jpg\"},{\"@type\":\"BreadcrumbList\",\"@id\":\"https:\/\/ruger.eu\/de\/bedienung\/luftfrachtsverkehr\/#breadcrumb\",\"itemListElement\":[{\"@type\":\"ListItem\",\"position\":1,\"name\":\"Strona g\u0142\u00f3wna\",\"item\":\"https:\/\/ruger.eu\/\"},{\"@type\":\"ListItem\",\"position\":2,\"name\":\"Bedienung\",\"item\":\"https:\/\/ruger.eu\/de\/bedienung\/\"},{\"@type\":\"ListItem\",\"position\":3,\"name\":\"LUFTFRACHTSVERKEHR\"}]},{\"@type\":\"WebSite\",\"@id\":\"https:\/\/ruger.eu\/#website\",\"url\":\"https:\/\/ruger.eu\/\",\"name\":\"Ruger Polska\",\"description\":\"Smart Logistic\",\"potentialAction\":[{\"@type\":\"SearchAction\",\"target\":{\"@type\":\"EntryPoint\",\"urlTemplate\":\"https:\/\/ruger.eu\/?s={search_term_string}\"},\"query-input\":{\"@type\":\"PropertyValueSpecification\",\"valueRequired\":true,\"valueName\":\"search_term_string\"}}],\"inLanguage\":\"de\"}]}<\/script>\n<!-- \/ Yoast SEO plugin. -->","yoast_head_json":{"title":"LUFTFRACHTSVERKEHR - Ruger Polska","robots":{"index":"index","follow":"follow","max-snippet":"max-snippet:-1","max-image-preview":"max-image-preview:large","max-video-preview":"max-video-preview:-1"},"canonical":"https:\/\/ruger.eu\/de\/bedienung\/luftfrachtsverkehr\/","og_locale":"de_DE","og_type":"article","og_title":"LUFTFRACHTSVERKEHR - Ruger Polska","og_description":"LUFTFRACHTSVERKEHR Wir bieten Express-Luftfracht an. Der Luftverkehr ist einer der modernsten Verkehrszweige. Der Lufttransport verk\u00fcrzt die Transportzeit und die Lieferung erfolgt immer schnell und reibungslos. Der Lufttransport ist immer dann w\u00fcnschenswert, wenn die Sendung \u00fcber betr\u00e4chtliche Entfernungen geliefert werden soll und die Lieferzeit Priorit\u00e4t ist. Dank unserer Luftverkehrspartner k\u00f6nnen wir an allen wichtigen Flugh\u00e4fen in [&hellip;]","og_url":"https:\/\/ruger.eu\/de\/bedienung\/luftfrachtsverkehr\/","og_site_name":"Ruger Polska","article_modified_time":"2020-07-16T09:29:37+00:00","og_image":[{"url":"https:\/\/ruger.eu\/wp-content\/uploads\/elementor\/thumbs\/37-onrem17rywjs7e72vx03hkcfsglwxwpe51pbaogwjc.jpg","type":"","width":"","height":""}],"twitter_card":"summary_large_image","schema":{"@context":"https:\/\/schema.org","@graph":[{"@type":"WebPage","@id":"https:\/\/ruger.eu\/de\/bedienung\/luftfrachtsverkehr\/","url":"https:\/\/ruger.eu\/de\/bedienung\/luftfrachtsverkehr\/","name":"LUFTFRACHTSVERKEHR - Ruger Polska","isPartOf":{"@id":"https:\/\/ruger.eu\/#website"},"primaryImageOfPage":{"@id":"https:\/\/ruger.eu\/de\/bedienung\/luftfrachtsverkehr\/#primaryimage"},"image":{"@id":"https:\/\/ruger.eu\/de\/bedienung\/luftfrachtsverkehr\/#primaryimage"},"thumbnailUrl":"https:\/\/ruger.eu\/wp-content\/uploads\/elementor\/thumbs\/37-onrem17rywjs7e72vx03hkcfsglwxwpe51pbaogwjc.jpg","datePublished":"2019-06-19T12:47:48+00:00","dateModified":"2020-07-16T09:29:37+00:00","breadcrumb":{"@id":"https:\/\/ruger.eu\/de\/bedienung\/luftfrachtsverkehr\/#breadcrumb"},"inLanguage":"de","potentialAction":[{"@type":"ReadAction","target":["https:\/\/ruger.eu\/de\/bedienung\/luftfrachtsverkehr\/"]}]},{"@type":"ImageObject","inLanguage":"de","@id":"https:\/\/ruger.eu\/de\/bedienung\/luftfrachtsverkehr\/#primaryimage","url":"https:\/\/ruger.eu\/wp-content\/uploads\/elementor\/thumbs\/37-onrem17rywjs7e72vx03hkcfsglwxwpe51pbaogwjc.jpg","contentUrl":"https:\/\/ruger.eu\/wp-content\/uploads\/elementor\/thumbs\/37-onrem17rywjs7e72vx03hkcfsglwxwpe51pbaogwjc.jpg"},{"@type":"BreadcrumbList","@id":"https:\/\/ruger.eu\/de\/bedienung\/luftfrachtsverkehr\/#breadcrumb","itemListElement":[{"@type":"ListItem","position":1,"name":"Strona g\u0142\u00f3wna","item":"https:\/\/ruger.eu\/"},{"@type":"ListItem","position":2,"name":"Bedienung","item":"https:\/\/ruger.eu\/de\/bedienung\/"},{"@type":"ListItem","position":3,"name":"LUFTFRACHTSVERKEHR"}]},{"@type":"WebSite","@id":"https:\/\/ruger.eu\/#website","url":"https:\/\/ruger.eu\/","name":"Ruger Polska","description":"Smart Logistic","potentialAction":[{"@type":"SearchAction","target":{"@type":"EntryPoint","urlTemplate":"https:\/\/ruger.eu\/?s={search_term_string}"},"query-input":{"@type":"PropertyValueSpecification","valueRequired":true,"valueName":"search_term_string"}}],"inLanguage":"de"}]}},"_links":{"self":[{"href":"https:\/\/ruger.eu\/de\/wp-json\/wp\/v2\/pages\/1306","targetHints":{"allow":["GET"]}}],"collection":[{"href":"https:\/\/ruger.eu\/de\/wp-json\/wp\/v2\/pages"}],"about":[{"href":"https:\/\/ruger.eu\/de\/wp-json\/wp\/v2\/types\/page"}],"author":[{"embeddable":true,"href":"https:\/\/ruger.eu\/de\/wp-json\/wp\/v2\/users\/3"}],"replies":[{"embeddable":true,"href":"https:\/\/ruger.eu\/de\/wp-json\/wp\/v2\/comments?post=1306"}],"version-history":[{"count":2,"href":"https:\/\/ruger.eu\/de\/wp-json\/wp\/v2\/pages\/1306\/revisions"}],"predecessor-version":[{"id":1310,"href":"https:\/\/ruger.eu\/de\/wp-json\/wp\/v2\/pages\/1306\/revisions\/1310"}],"up":[{"embeddable":true,"href":"https:\/\/ruger.eu\/de\/wp-json\/wp\/v2\/pages\/1379"}],"wp:attachment":[{"href":"https:\/\/ruger.eu\/de\/wp-json\/wp\/v2\/media?parent=1306"}],"curies":[{"name":"wp","href":"https:\/\/api.w.org\/{rel}","templated":true}]}}