{"id":1288,"date":"2019-05-29T13:18:22","date_gmt":"2019-05-29T11:18:22","guid":{"rendered":"https:\/\/ruger.eu\/o-nas\/"},"modified":"2020-07-16T11:25:13","modified_gmt":"2020-07-16T09:25:13","slug":"ueber-uns","status":"publish","type":"page","link":"https:\/\/ruger.eu\/de\/ueber-uns\/","title":{"rendered":"\u00dcber uns"},"content":{"rendered":"\t\t<div data-elementor-type=\"wp-post\" data-elementor-id=\"1288\" class=\"elementor elementor-1288 elementor-559\" data-elementor-post-type=\"page\">\n\t\t\t\t\t\t<section class=\"elementor-section elementor-top-section elementor-element elementor-element-6e6f4be2 elementor-section-boxed elementor-section-height-default elementor-section-height-default\" data-id=\"6e6f4be2\" data-element_type=\"section\">\n\t\t\t\t\t\t<div class=\"elementor-container elementor-column-gap-no\">\n\t\t\t\t\t<div class=\"elementor-column elementor-col-100 elementor-top-column elementor-element elementor-element-4fc1aedb\" data-id=\"4fc1aedb\" data-element_type=\"column\">\n\t\t\t<div class=\"elementor-widget-wrap elementor-element-populated\">\n\t\t\t\t\t\t<div class=\"elementor-element elementor-element-6e4ebee elementor-widget elementor-widget-image\" data-id=\"6e4ebee\" data-element_type=\"widget\" data-widget_type=\"image.default\">\n\t\t\t\t<div class=\"elementor-widget-container\">\n\t\t\t\t\t\t\t\t\t\t\t\t\t\t\t<img decoding=\"async\" src=\"https:\/\/ruger.eu\/wp-content\/uploads\/elementor\/thumbs\/4295-scaled-p3ayvme2e1wfqg1qoc25ezlzj7pvbvzco1tpcmph2w.jpg\" title=\"Industrial port de Barcelona in evening\" alt=\"Industrial port de Barcelona in evening. Spain\" loading=\"lazy\" \/>\t\t\t\t\t\t\t\t\t\t\t\t\t\t\t<\/div>\n\t\t\t\t<\/div>\n\t\t\t\t\t<\/div>\n\t\t<\/div>\n\t\t\t\t\t<\/div>\n\t\t<\/section>\n\t\t\t\t<section class=\"elementor-section elementor-top-section elementor-element elementor-element-338524ac elementor-section-boxed elementor-section-height-default elementor-section-height-default\" data-id=\"338524ac\" data-element_type=\"section\" data-settings=\"{&quot;background_background&quot;:&quot;classic&quot;}\">\n\t\t\t\t\t\t<div class=\"elementor-container elementor-column-gap-no\">\n\t\t\t\t\t<div class=\"elementor-column elementor-col-50 elementor-top-column elementor-element elementor-element-56350ef3\" data-id=\"56350ef3\" data-element_type=\"column\" data-settings=\"{&quot;background_background&quot;:&quot;classic&quot;}\">\n\t\t\t<div class=\"elementor-widget-wrap elementor-element-populated\">\n\t\t\t\t\t\t<div class=\"elementor-element elementor-element-7505a8d0 elementor-widget elementor-widget-heading\" data-id=\"7505a8d0\" data-element_type=\"widget\" data-widget_type=\"heading.default\">\n\t\t\t\t<div class=\"elementor-widget-container\">\n\t\t\t\t\t<h2 class=\"elementor-heading-title elementor-size-default\">Willkommen auf unserer Website!<\/h2>\t\t\t\t<\/div>\n\t\t\t\t<\/div>\n\t\t\t\t<div class=\"elementor-element elementor-element-2d74e972 elementor-widget elementor-widget-text-editor\" data-id=\"2d74e972\" data-element_type=\"widget\" data-widget_type=\"text-editor.default\">\n\t\t\t\t<div class=\"elementor-widget-container\">\n\t\t\t\t\t\t\t\t\t<p>Wollen Sie etwas von uns wissen? Gerne erz\u00e4hlen wir etwas von uns &#8230;<\/p><p>Unser Unternehmen wurde im Jahr 2004 gegr\u00fcndet und von Anfang an befasst sich mit Speditionsdienstleistungen und der Bef\u00f6rderung. Am Anfang als &#8222;wirtschaftliche T\u00e4tigkeit&#8220;, seit 2008 als Kapitalgesellschaft und jetzt als Holdinggesellschaft polnischer und ausl\u00e4ndischer Unternehmen, hatten wir immer ein Ziel: Dienstleistungen zu erbringen, die sowohl unseren Kunden als auch unseren Mitarbeitern Zufriedenheit und Befriedigung geben. Dieses Ziel verwirklichen wir jeden Tag.<\/p><p>Das Unternehmen besteht derzeit aus mehreren Dutzend Personen. Sie sind exzellente Spezialisten, die sich um jeden, auch den kleinsten Aspekt des Logistikprozesses k\u00fcmmern und von modernen Technologien und L\u00f6sungen unterst\u00fctzt werden, die im Laufe langj\u00e4hriger Praxis und Erfahrungen entwickelt wurden. Vieles verbinden uns, und insbesondere eines: die Leidenschaft. Eine Leidenschaft f\u00fcr das, was wir tun und f\u00fcr den Ort, an dem wir sind.<\/p>\t\t\t\t\t\t\t\t<\/div>\n\t\t\t\t<\/div>\n\t\t\t\t\t<\/div>\n\t\t<\/div>\n\t\t\t\t<div class=\"elementor-column elementor-col-50 elementor-top-column elementor-element elementor-element-4bc17d56\" data-id=\"4bc17d56\" data-element_type=\"column\" data-settings=\"{&quot;background_background&quot;:&quot;classic&quot;}\">\n\t\t\t<div class=\"elementor-widget-wrap elementor-element-populated\">\n\t\t\t\t\t\t<div class=\"elementor-element elementor-element-52933656 elementor-widget elementor-widget-image\" data-id=\"52933656\" data-element_type=\"widget\" data-widget_type=\"image.default\">\n\t\t\t\t<div class=\"elementor-widget-container\">\n\t\t\t\t\t\t\t\t\t\t\t\t\t\t\t<img decoding=\"async\" src=\"https:\/\/ruger.eu\/wp-content\/uploads\/elementor\/thumbs\/750-p3ayp2gc7nk447v6ect71nkv0l1csg8ivwwz3ycgog.jpg\" title=\"Arriving white truck on the road in a rural landscape at sunset\" alt=\"Arriving white truck on the road in a rural landscape at sunset\" loading=\"lazy\" \/>\t\t\t\t\t\t\t\t\t\t\t\t\t\t\t<\/div>\n\t\t\t\t<\/div>\n\t\t\t\t\t<\/div>\n\t\t<\/div>\n\t\t\t\t\t<\/div>\n\t\t<\/section>\n\t\t\t\t<section class=\"elementor-section elementor-top-section elementor-element elementor-element-59f3fe3 elementor-section-boxed elementor-section-height-default elementor-section-height-default\" data-id=\"59f3fe3\" data-element_type=\"section\" data-settings=\"{&quot;background_background&quot;:&quot;classic&quot;}\">\n\t\t\t\t\t\t<div class=\"elementor-container elementor-column-gap-no\">\n\t\t\t\t\t<div class=\"elementor-column elementor-col-100 elementor-top-column elementor-element elementor-element-2f0096a6\" data-id=\"2f0096a6\" data-element_type=\"column\" data-settings=\"{&quot;background_background&quot;:&quot;classic&quot;}\">\n\t\t\t<div class=\"elementor-widget-wrap elementor-element-populated\">\n\t\t\t\t\t\t<div class=\"elementor-element elementor-element-274a749d elementor-widget elementor-widget-heading\" data-id=\"274a749d\" data-element_type=\"widget\" data-widget_type=\"heading.default\">\n\t\t\t\t<div class=\"elementor-widget-container\">\n\t\t\t\t\t<h2 class=\"elementor-heading-title elementor-size-default\">Was machen wir, wof\u00fcr sind wir?<\/h2>\t\t\t\t<\/div>\n\t\t\t\t<\/div>\n\t\t\t\t<div class=\"elementor-element elementor-element-77cea09f elementor-widget elementor-widget-text-editor\" data-id=\"77cea09f\" data-element_type=\"widget\" data-widget_type=\"text-editor.default\">\n\t\t\t\t<div class=\"elementor-widget-container\">\n\t\t\t\t\t\t\t\t\t<p>Jeden Tag f\u00fchren wir logistische Prozesse auf, organisieren und koordinieren den Transport von Hunderten Tonnen Waren. Wir bieten unseren Kunden nationale und internationale Transportdienste an. Jeder, der Waren zu bef\u00f6rdern hat, findet bei uns ein attraktives Angebot, unabh\u00e4ngig davon, ob er einen Karton oder eine Palette oder den gesamten Zug oder das gesamte Schiff transportieren muss. Unser Ziel ist es, unsere Kunden nicht nur bei der Auswahl und Suche nach besten Transportmitteln zu unterst\u00fctzen, die den Anforderungen f\u00fcr den Versand entsprechen, sondern auch dank des Lagerservices, eines effizienten Vertriebssystems und unserer eigenen Zollagentur Unterst\u00fctzung in allen Aspekten des Logistikprozesses anzubieten.<\/p><p>Das Ziel unseres Unternehmens ist, die Zufriedenheit unserer Kunden und Mitarbeiter zu steigern, was sich wiederum in einer Steigerung des Marktanteils niederschl\u00e4gt. Wir erreichen dieses Ziel durch qualitativ hochwertige Dienstleistungen, professionellen Service, Innovation und Implementierung dedizierter Branchenl\u00f6sungen sowie durch Schulungen und Investitionen in die Entwicklung unserer Mitarbeiter. Jeden Tag konzentrieren wir uns darauf, Beziehungen und Vertrauen zwischen Menschen aufzubauen, die den Logistikprozess beeinflussen. Ein wichtiges Element f\u00fcr uns ist die Gesch\u00e4ftsethik, verstanden als gegenseitiger Respekt und Verst\u00e4ndnis, die es erm\u00f6glichen, ausgewogene L\u00f6sungen zu finden, die f\u00fcr jede Seite des Logistikprozesses von Vorteil sind. Wir m\u00f6chten, dass die Menschen in einer freundlichen Atmosph\u00e4re arbeiten, denn nur auf diese Weise k\u00f6nnen wir das Potenzial und die Ideen der Menschen, aus denen unser Unternehmen besteht, erkennen und nutzen. Nur so k\u00f6nnen wir innovativ sein und effektiv auf die Bed\u00fcrfnisse unserer Kunden eingehen.<\/p><p>Wir bilden ein Unternehmen, das auf Werten wie Vertrauen, gegenseitiger Respekt, Verantwortungsbewusstsein und nachhaltige Entwicklung basiert. Gemeinsam k\u00fcmmern wir uns um die Umwelt um uns herum, indem wir uns f\u00fcr den Umweltschutz engagieren und sozial wichtige Ma\u00dfnahmen unterst\u00fctzen. Au\u00dferdem gef\u00e4llt uns, was wir tun!<\/p>\t\t\t\t\t\t\t\t<\/div>\n\t\t\t\t<\/div>\n\t\t\t\t<div class=\"elementor-element elementor-element-b392154 elementor-widget elementor-widget-heading\" data-id=\"b392154\" data-element_type=\"widget\" data-widget_type=\"heading.default\">\n\t\t\t\t<div class=\"elementor-widget-container\">\n\t\t\t\t\t<h2 class=\"elementor-heading-title elementor-size-default\">Warum wir?<\/h2>\t\t\t\t<\/div>\n\t\t\t\t<\/div>\n\t\t\t\t<div class=\"elementor-element elementor-element-a82c4c6 elementor-widget elementor-widget-text-editor\" data-id=\"a82c4c6\" data-element_type=\"widget\" data-widget_type=\"text-editor.default\">\n\t\t\t\t<div class=\"elementor-widget-container\">\n\t\t\t\t\t\t\t\t\t<p>Umfassender Service ist unser Wettbewerbsvorteil. Wir bieten Stra\u00dfen-, See- und Lufttransporte sowie Just-in-Time-Lieferungen, \u00fcbernormative Transporte, komplette LKW- und St\u00fcckg\u00fctertransport, sowie Vertriebs- und Lagerservices. Wir bieten Zollservice und Intrastat dank unserer eigenen Zollagentur und wir bieten spezielle Branchenl\u00f6sungen an: Logistik von Maschinen und Industrieanlagen sowie Logistik von Handelslieferungen.<\/p><p>Aufgrund der sorgf\u00e4ltig umgesetzten Strategie der Entwicklung stehen uns jetzt mehr Fahrzeuge jedes Typs und mehr Transportm\u00f6glichkeiten zur Verf\u00fcgung als bei jedem herk\u00f6mmlichen Transportunternehmen. Unabh\u00e4ngig davon, ob es sich um einen Stra\u00dfentransport mit konventionellen oder spezialisierten Sattelaufliegern handelt, die Durchf\u00fchrung eines Gro\u00dfauftrags f\u00fcr mehrere hundert Fahrzeuge, die Ausf\u00fchrung eines \u00fcbernormativen Transports, die Lieferung bei kontrollierter Temperatur, die Durchf\u00fchrung eines kombinierten Verkehrs mit Schiffen oder mit der Bahn oder sogar ein Schiff zur ausschlie\u00dflichen Verf\u00fcgung, oder einfach die Expresslieferung nur von Palettensendungen -in-time &#8211; wir haben ein g\u00fcnstiges Angebot!<\/p>\t\t\t\t\t\t\t\t<\/div>\n\t\t\t\t<\/div>\n\t\t\t\t<section class=\"elementor-section elementor-inner-section elementor-element elementor-element-2bf5e21f elementor-section-content-top elementor-section-boxed elementor-section-height-default elementor-section-height-default\" data-id=\"2bf5e21f\" data-element_type=\"section\">\n\t\t\t\t\t\t<div class=\"elementor-container elementor-column-gap-extended\">\n\t\t\t\t\t<div class=\"elementor-column elementor-col-50 elementor-inner-column elementor-element elementor-element-2be33015\" data-id=\"2be33015\" data-element_type=\"column\">\n\t\t\t<div class=\"elementor-widget-wrap elementor-element-populated\">\n\t\t\t\t\t\t<div class=\"elementor-element elementor-element-48559e90 elementor-widget elementor-widget-image\" data-id=\"48559e90\" data-element_type=\"widget\" data-widget_type=\"image.default\">\n\t\t\t\t<div class=\"elementor-widget-container\">\n\t\t\t\t\t\t\t\t\t\t\t\t\t\t\t<img decoding=\"async\" src=\"https:\/\/ruger.eu\/wp-content\/uploads\/elementor\/thumbs\/240-scaled-p3ayvs0v02p9r7apicsob9van85carjcgpqlz2ruuc.jpg\" title=\"Big ship in dry dock\" alt=\"Ship in dry dock at Grand harbour (Valletta, Malta)\" loading=\"lazy\" \/>\t\t\t\t\t\t\t\t\t\t\t\t\t\t\t<\/div>\n\t\t\t\t<\/div>\n\t\t\t\t\t<\/div>\n\t\t<\/div>\n\t\t\t\t<div class=\"elementor-column elementor-col-50 elementor-inner-column elementor-element elementor-element-67b6e653\" data-id=\"67b6e653\" data-element_type=\"column\">\n\t\t\t<div class=\"elementor-widget-wrap elementor-element-populated\">\n\t\t\t\t\t\t<div class=\"elementor-element elementor-element-120f2b31 elementor-widget elementor-widget-text-editor\" data-id=\"120f2b31\" data-element_type=\"widget\" data-widget_type=\"text-editor.default\">\n\t\t\t\t<div class=\"elementor-widget-container\">\n\t\t\t\t\t\t\t\t\t<p>Die hohen Qualifikationen und Erfahrung unserer Mitarbeiter, ihre F\u00e4higkeiten und Professionalit\u00e4t garantieren, dass wir im Falle unvorhergesehener Umst\u00e4nde in jeder Situation die optimale L\u00f6sung finden. Dank der Zusammenarbeit mit uns werden die Pakete unserer Kunden zus\u00e4tzlich durch einen zus\u00e4tzlichen Versicherungsschutz abgedeckt, die die Sicherheit der Waren und unserer Dienstleistungen garantiert.<\/p><p>All dies ist mit der Zuverl\u00e4ssigkeit und hoher Qualit\u00e4t unserer Dienstleistungen, Transportsicherheit, Zuverl\u00e4ssigkeit und P\u00fcnktlichkeit der Lieferungen gleichbedeutend.<\/p><p>Ruger .smart logistic &#8211; eine Marke, die verpflichtet.<\/p><p>Arkadiusz Turczy\u0144ski<br \/>Vorstandsvorsitzender<\/p>\t\t\t\t\t\t\t\t<\/div>\n\t\t\t\t<\/div>\n\t\t\t\t\t<\/div>\n\t\t<\/div>\n\t\t\t\t\t<\/div>\n\t\t<\/section>\n\t\t\t\t\t<\/div>\n\t\t<\/div>\n\t\t\t\t\t<\/div>\n\t\t<\/section>\n\t\t\t\t<\/div>\n\t\t","protected":false},"excerpt":{"rendered":"<p>Willkommen auf unserer Website! Wollen Sie etwas von uns wissen? Gerne erz\u00e4hlen wir etwas von uns &#8230; Unser Unternehmen wurde im Jahr 2004 gegr\u00fcndet und von Anfang an befasst sich mit Speditionsdienstleistungen und der Bef\u00f6rderung. Am Anfang als &#8222;wirtschaftliche T\u00e4tigkeit&#8220;, seit 2008 als Kapitalgesellschaft und jetzt als Holdinggesellschaft polnischer und ausl\u00e4ndischer Unternehmen, hatten wir immer [&hellip;]<\/p>\n","protected":false},"author":3,"featured_media":0,"parent":0,"menu_order":0,"comment_status":"closed","ping_status":"closed","template":"","meta":{"ocean_post_layout":"","ocean_both_sidebars_style":"","ocean_both_sidebars_content_width":0,"ocean_both_sidebars_sidebars_width":0,"ocean_sidebar":"","ocean_second_sidebar":"","ocean_disable_margins":"enable","ocean_add_body_class":"","ocean_shortcode_before_top_bar":"","ocean_shortcode_after_top_bar":"","ocean_shortcode_before_header":"","ocean_shortcode_after_header":"","ocean_has_shortcode":"","ocean_shortcode_after_title":"","ocean_shortcode_before_footer_widgets":"","ocean_shortcode_after_footer_widgets":"","ocean_shortcode_before_footer_bottom":"","ocean_shortcode_after_footer_bottom":"","ocean_display_top_bar":"default","ocean_display_header":"default","ocean_header_style":"","ocean_center_header_left_menu":"","ocean_custom_header_template":"","ocean_custom_logo":0,"ocean_custom_retina_logo":0,"ocean_custom_logo_max_width":0,"ocean_custom_logo_tablet_max_width":0,"ocean_custom_logo_mobile_max_width":0,"ocean_custom_logo_max_height":0,"ocean_custom_logo_tablet_max_height":0,"ocean_custom_logo_mobile_max_height":0,"ocean_header_custom_menu":"","ocean_menu_typo_font_family":"","ocean_menu_typo_font_subset":"","ocean_menu_typo_font_size":0,"ocean_menu_typo_font_size_tablet":0,"ocean_menu_typo_font_size_mobile":0,"ocean_menu_typo_font_size_unit":"px","ocean_menu_typo_font_weight":"","ocean_menu_typo_font_weight_tablet":"","ocean_menu_typo_font_weight_mobile":"","ocean_menu_typo_transform":"","ocean_menu_typo_transform_tablet":"","ocean_menu_typo_transform_mobile":"","ocean_menu_typo_line_height":0,"ocean_menu_typo_line_height_tablet":0,"ocean_menu_typo_line_height_mobile":0,"ocean_menu_typo_line_height_unit":"","ocean_menu_typo_spacing":0,"ocean_menu_typo_spacing_tablet":0,"ocean_menu_typo_spacing_mobile":0,"ocean_menu_typo_spacing_unit":"","ocean_menu_link_color":"","ocean_menu_link_color_hover":"","ocean_menu_link_color_active":"","ocean_menu_link_background":"","ocean_menu_link_hover_background":"","ocean_menu_link_active_background":"","ocean_menu_social_links_bg":"","ocean_menu_social_hover_links_bg":"","ocean_menu_social_links_color":"","ocean_menu_social_hover_links_color":"","ocean_disable_title":"default","ocean_disable_heading":"default","ocean_post_title":"","ocean_post_subheading":"","ocean_post_title_style":"","ocean_post_title_background_color":"","ocean_post_title_background":0,"ocean_post_title_bg_image_position":"","ocean_post_title_bg_image_attachment":"","ocean_post_title_bg_image_repeat":"","ocean_post_title_bg_image_size":"","ocean_post_title_height":0,"ocean_post_title_bg_overlay":0.5,"ocean_post_title_bg_overlay_color":"","ocean_disable_breadcrumbs":"default","ocean_breadcrumbs_color":"","ocean_breadcrumbs_separator_color":"","ocean_breadcrumbs_links_color":"","ocean_breadcrumbs_links_hover_color":"","ocean_display_footer_widgets":"default","ocean_display_footer_bottom":"default","ocean_custom_footer_template":"","footnotes":""},"class_list":["post-1288","page","type-page","status-publish","hentry","entry"],"yoast_head":"<!-- This site is optimized with the Yoast SEO plugin v24.1 - https:\/\/yoast.com\/wordpress\/plugins\/seo\/ -->\n<title>\u00dcber uns - Ruger Polska<\/title>\n<meta name=\"robots\" content=\"index, follow, max-snippet:-1, max-image-preview:large, max-video-preview:-1\" \/>\n<link rel=\"canonical\" href=\"https:\/\/ruger.eu\/de\/ueber-uns\/\" \/>\n<meta property=\"og:locale\" content=\"de_DE\" \/>\n<meta property=\"og:type\" content=\"article\" \/>\n<meta property=\"og:title\" content=\"\u00dcber uns - Ruger Polska\" \/>\n<meta property=\"og:description\" content=\"Willkommen auf unserer Website! Wollen Sie etwas von uns wissen? Gerne erz\u00e4hlen wir etwas von uns &#8230; Unser Unternehmen wurde im Jahr 2004 gegr\u00fcndet und von Anfang an befasst sich mit Speditionsdienstleistungen und der Bef\u00f6rderung. Am Anfang als &#8222;wirtschaftliche T\u00e4tigkeit&#8220;, seit 2008 als Kapitalgesellschaft und jetzt als Holdinggesellschaft polnischer und ausl\u00e4ndischer Unternehmen, hatten wir immer [&hellip;]\" \/>\n<meta property=\"og:url\" content=\"https:\/\/ruger.eu\/de\/ueber-uns\/\" \/>\n<meta property=\"og:site_name\" content=\"Ruger Polska\" \/>\n<meta property=\"article:modified_time\" content=\"2020-07-16T09:25:13+00:00\" \/>\n<meta property=\"og:image\" content=\"https:\/\/ruger.eu\/wp-content\/uploads\/elementor\/thumbs\/4295-onrelif067u1r6ydxovk3p37wr6knymregnlp58rzs.jpg\" \/>\n<meta name=\"twitter:card\" content=\"summary_large_image\" \/>\n<meta name=\"twitter:label1\" content=\"Gesch\u00e4tzte Lesezeit\" \/>\n\t<meta name=\"twitter:data1\" content=\"4\u00a0Minuten\" \/>\n<script type=\"application\/ld+json\" class=\"yoast-schema-graph\">{\"@context\":\"https:\/\/schema.org\",\"@graph\":[{\"@type\":\"WebPage\",\"@id\":\"https:\/\/ruger.eu\/de\/ueber-uns\/\",\"url\":\"https:\/\/ruger.eu\/de\/ueber-uns\/\",\"name\":\"\u00dcber uns - Ruger Polska\",\"isPartOf\":{\"@id\":\"https:\/\/ruger.eu\/#website\"},\"primaryImageOfPage\":{\"@id\":\"https:\/\/ruger.eu\/de\/ueber-uns\/#primaryimage\"},\"image\":{\"@id\":\"https:\/\/ruger.eu\/de\/ueber-uns\/#primaryimage\"},\"thumbnailUrl\":\"https:\/\/ruger.eu\/wp-content\/uploads\/elementor\/thumbs\/4295-onrelif067u1r6ydxovk3p37wr6knymregnlp58rzs.jpg\",\"datePublished\":\"2019-05-29T11:18:22+00:00\",\"dateModified\":\"2020-07-16T09:25:13+00:00\",\"breadcrumb\":{\"@id\":\"https:\/\/ruger.eu\/de\/ueber-uns\/#breadcrumb\"},\"inLanguage\":\"de\",\"potentialAction\":[{\"@type\":\"ReadAction\",\"target\":[\"https:\/\/ruger.eu\/de\/ueber-uns\/\"]}]},{\"@type\":\"ImageObject\",\"inLanguage\":\"de\",\"@id\":\"https:\/\/ruger.eu\/de\/ueber-uns\/#primaryimage\",\"url\":\"https:\/\/ruger.eu\/wp-content\/uploads\/elementor\/thumbs\/4295-onrelif067u1r6ydxovk3p37wr6knymregnlp58rzs.jpg\",\"contentUrl\":\"https:\/\/ruger.eu\/wp-content\/uploads\/elementor\/thumbs\/4295-onrelif067u1r6ydxovk3p37wr6knymregnlp58rzs.jpg\"},{\"@type\":\"BreadcrumbList\",\"@id\":\"https:\/\/ruger.eu\/de\/ueber-uns\/#breadcrumb\",\"itemListElement\":[{\"@type\":\"ListItem\",\"position\":1,\"name\":\"Strona g\u0142\u00f3wna\",\"item\":\"https:\/\/ruger.eu\/\"},{\"@type\":\"ListItem\",\"position\":2,\"name\":\"\u00dcber uns\"}]},{\"@type\":\"WebSite\",\"@id\":\"https:\/\/ruger.eu\/#website\",\"url\":\"https:\/\/ruger.eu\/\",\"name\":\"Ruger Polska\",\"description\":\"Smart Logistic\",\"potentialAction\":[{\"@type\":\"SearchAction\",\"target\":{\"@type\":\"EntryPoint\",\"urlTemplate\":\"https:\/\/ruger.eu\/?s={search_term_string}\"},\"query-input\":{\"@type\":\"PropertyValueSpecification\",\"valueRequired\":true,\"valueName\":\"search_term_string\"}}],\"inLanguage\":\"de\"}]}<\/script>\n<!-- \/ Yoast SEO plugin. -->","yoast_head_json":{"title":"\u00dcber uns - Ruger Polska","robots":{"index":"index","follow":"follow","max-snippet":"max-snippet:-1","max-image-preview":"max-image-preview:large","max-video-preview":"max-video-preview:-1"},"canonical":"https:\/\/ruger.eu\/de\/ueber-uns\/","og_locale":"de_DE","og_type":"article","og_title":"\u00dcber uns - Ruger Polska","og_description":"Willkommen auf unserer Website! Wollen Sie etwas von uns wissen? Gerne erz\u00e4hlen wir etwas von uns &#8230; Unser Unternehmen wurde im Jahr 2004 gegr\u00fcndet und von Anfang an befasst sich mit Speditionsdienstleistungen und der Bef\u00f6rderung. Am Anfang als &#8222;wirtschaftliche T\u00e4tigkeit&#8220;, seit 2008 als Kapitalgesellschaft und jetzt als Holdinggesellschaft polnischer und ausl\u00e4ndischer Unternehmen, hatten wir immer [&hellip;]","og_url":"https:\/\/ruger.eu\/de\/ueber-uns\/","og_site_name":"Ruger Polska","article_modified_time":"2020-07-16T09:25:13+00:00","og_image":[{"url":"https:\/\/ruger.eu\/wp-content\/uploads\/elementor\/thumbs\/4295-onrelif067u1r6ydxovk3p37wr6knymregnlp58rzs.jpg","type":"","width":"","height":""}],"twitter_card":"summary_large_image","twitter_misc":{"Gesch\u00e4tzte Lesezeit":"4\u00a0Minuten"},"schema":{"@context":"https:\/\/schema.org","@graph":[{"@type":"WebPage","@id":"https:\/\/ruger.eu\/de\/ueber-uns\/","url":"https:\/\/ruger.eu\/de\/ueber-uns\/","name":"\u00dcber uns - Ruger Polska","isPartOf":{"@id":"https:\/\/ruger.eu\/#website"},"primaryImageOfPage":{"@id":"https:\/\/ruger.eu\/de\/ueber-uns\/#primaryimage"},"image":{"@id":"https:\/\/ruger.eu\/de\/ueber-uns\/#primaryimage"},"thumbnailUrl":"https:\/\/ruger.eu\/wp-content\/uploads\/elementor\/thumbs\/4295-onrelif067u1r6ydxovk3p37wr6knymregnlp58rzs.jpg","datePublished":"2019-05-29T11:18:22+00:00","dateModified":"2020-07-16T09:25:13+00:00","breadcrumb":{"@id":"https:\/\/ruger.eu\/de\/ueber-uns\/#breadcrumb"},"inLanguage":"de","potentialAction":[{"@type":"ReadAction","target":["https:\/\/ruger.eu\/de\/ueber-uns\/"]}]},{"@type":"ImageObject","inLanguage":"de","@id":"https:\/\/ruger.eu\/de\/ueber-uns\/#primaryimage","url":"https:\/\/ruger.eu\/wp-content\/uploads\/elementor\/thumbs\/4295-onrelif067u1r6ydxovk3p37wr6knymregnlp58rzs.jpg","contentUrl":"https:\/\/ruger.eu\/wp-content\/uploads\/elementor\/thumbs\/4295-onrelif067u1r6ydxovk3p37wr6knymregnlp58rzs.jpg"},{"@type":"BreadcrumbList","@id":"https:\/\/ruger.eu\/de\/ueber-uns\/#breadcrumb","itemListElement":[{"@type":"ListItem","position":1,"name":"Strona g\u0142\u00f3wna","item":"https:\/\/ruger.eu\/"},{"@type":"ListItem","position":2,"name":"\u00dcber uns"}]},{"@type":"WebSite","@id":"https:\/\/ruger.eu\/#website","url":"https:\/\/ruger.eu\/","name":"Ruger Polska","description":"Smart Logistic","potentialAction":[{"@type":"SearchAction","target":{"@type":"EntryPoint","urlTemplate":"https:\/\/ruger.eu\/?s={search_term_string}"},"query-input":{"@type":"PropertyValueSpecification","valueRequired":true,"valueName":"search_term_string"}}],"inLanguage":"de"}]}},"_links":{"self":[{"href":"https:\/\/ruger.eu\/de\/wp-json\/wp\/v2\/pages\/1288","targetHints":{"allow":["GET"]}}],"collection":[{"href":"https:\/\/ruger.eu\/de\/wp-json\/wp\/v2\/pages"}],"about":[{"href":"https:\/\/ruger.eu\/de\/wp-json\/wp\/v2\/types\/page"}],"author":[{"embeddable":true,"href":"https:\/\/ruger.eu\/de\/wp-json\/wp\/v2\/users\/3"}],"replies":[{"embeddable":true,"href":"https:\/\/ruger.eu\/de\/wp-json\/wp\/v2\/comments?post=1288"}],"version-history":[{"count":2,"href":"https:\/\/ruger.eu\/de\/wp-json\/wp\/v2\/pages\/1288\/revisions"}],"predecessor-version":[{"id":1291,"href":"https:\/\/ruger.eu\/de\/wp-json\/wp\/v2\/pages\/1288\/revisions\/1291"}],"wp:attachment":[{"href":"https:\/\/ruger.eu\/de\/wp-json\/wp\/v2\/media?parent=1288"}],"curies":[{"name":"wp","href":"https:\/\/api.w.org\/{rel}","templated":true}]}}